{"id":113,"date":"2018-09-28T13:28:18","date_gmt":"2018-09-28T11:28:18","guid":{"rendered":"http:\/\/svet-deti.cz\/na\/?page_id=113"},"modified":"2018-11-26T18:12:36","modified_gmt":"2018-11-26T17:12:36","slug":"dz-nabidka-masazi","status":"publish","type":"page","link":"https:\/\/svet-deti.cz\/na\/dz-nabidka-masazi\/","title":{"rendered":"D\u016fm zdrav\u00ed Nov\u00e9 M\u011bsto n. M. \u2013 Nab\u00eddka mas\u00e1\u017e\u00ed"},"content":{"rendered":"<p>&nbsp;V r\u00e1mci nab\u00eddky na\u0161ich slu\u017eeb V\u00e1m chceme nab\u00eddnout mo\u017enost relaxa\u010dn\u00edch, rekondi\u010dn\u00edch a sportovn\u00edch mas\u00e1\u017e\u00ed v prost\u0159ed\u00ed kryt\u00e9ho plaveck\u00e9ho baz\u00e9nu &#8222;D\u016fm zdrav\u00ed&#8220; v Nov\u00e9m M\u011bst\u011b n. M. Mas\u00e1\u017ee nab\u00edzeme v p\u0159\u00edjemn\u00e9m prost\u0159ed\u00ed pro v\u0161echny v\u011bkov\u00e9 kategorie.<\/p>\n<p>&nbsp;&nbsp;&nbsp;V dob\u011b provozu sauny mas\u00e1\u017ee zaji\u0161\u0165uje<\/p>\n<p>&nbsp;&nbsp;&nbsp;&nbsp;&nbsp;&nbsp;<b>Tom\u00e1\u0161 \u010cern\u00fd<\/b>, certifikovan\u00fd mas\u00e9r, telef. kontakt 777 559 068<br \/>\n&nbsp;&nbsp;&nbsp;&nbsp;&nbsp;&nbsp;&nbsp;&nbsp;&nbsp; V\u00edce informac\u00ed naleznete na&nbsp;<a href=\"http:\/\/www.masaze-provas.cz\" target=\"_blank\" rel=\"noopener\"><strong>zde<\/strong><\/a> .<\/p>\n<p>Mas\u00e1\u017ee budou prob\u00edhat v prost\u0159ed\u00ed kryt\u00e9ho plaveck\u00e9ho baz\u00e9nu &#8222;D\u016fm zdrav\u00ed&#8220; v Nov\u00e9m M\u011bst\u011b n. M.. Term\u00edn a \u010das si pros\u00edm domluvte p\u0159edem telefonicky.<br \/>\nPro maminky i tat\u00ednky s mal\u00fdmi d\u011btmi nab\u00edz\u00edme mo\u017enost d\u011btsk\u00e9ho koutku pro zabaven\u00ed Va\u0161ich d\u011bt\u00ed .<\/p>\n<p>&nbsp;<\/p>\n<p><img loading=\"lazy\" decoding=\"async\" class=\"size-full wp-image-114 aligncenter\" src=\"http:\/\/svet-deti.cz\/na\/wp-content\/uploads\/sites\/5\/2018\/09\/nmmas01.jpg\" alt=\"Nab\u00eddka mas\u00e1\u017e\u00ed 1\" width=\"350\" height=\"233\" srcset=\"https:\/\/svet-deti.cz\/na\/wp-content\/uploads\/sites\/5\/2018\/09\/nmmas01.jpg 350w, https:\/\/svet-deti.cz\/na\/wp-content\/uploads\/sites\/5\/2018\/09\/nmmas01-300x200.jpg 300w, https:\/\/svet-deti.cz\/na\/wp-content\/uploads\/sites\/5\/2018\/09\/nmmas01-285x190.jpg 285w\" sizes=\"auto, (max-width: 350px) 100vw, 350px\" \/><\/p>\n","protected":false},"excerpt":{"rendered":"<p>&nbsp;V r\u00e1mci nab\u00eddky na\u0161ich slu\u017eeb V\u00e1m chceme nab\u00eddnout mo\u017enost relaxa\u010dn\u00edch, rekondi\u010dn\u00edch a sportovn\u00edch mas\u00e1\u017e\u00ed v prost\u0159ed\u00ed kryt\u00e9ho plaveck\u00e9ho baz\u00e9nu &#8222;D\u016fm zdrav\u00ed&#8220; v Nov\u00e9m M\u011bst\u011b n. M. Mas\u00e1\u017ee nab\u00edzeme v p\u0159\u00edjemn\u00e9m prost\u0159ed\u00ed pro v\u0161echny v\u011bkov\u00e9 kategorie. &nbsp;&nbsp;&nbsp;V dob\u011b provozu sauny mas\u00e1\u017ee zaji\u0161\u0165uje &nbsp;&nbsp;&nbsp;&nbsp;&nbsp;&nbsp;Tom\u00e1\u0161 \u010cern\u00fd, certifikovan\u00fd mas\u00e9r, telef. kontakt 777 559 068 &nbsp;&nbsp;&nbsp;&nbsp;&nbsp;&nbsp;&nbsp;&nbsp;&nbsp; V\u00edce informac\u00ed naleznete na&nbsp;zde<\/p>\n<p class=\"more-link\"><a href=\"https:\/\/svet-deti.cz\/na\/dz-nabidka-masazi\/\" class=\"themebutton2\">Read More<\/a><\/p>\n","protected":false},"author":1,"featured_media":0,"parent":0,"menu_order":0,"comment_status":"closed","ping_status":"closed","template":"","meta":{"ngg_post_thumbnail":0,"footnotes":""},"categories":[],"tags":[],"class_list":["post-113","page","type-page","status-publish","hentry"],"_links":{"self":[{"href":"https:\/\/svet-deti.cz\/na\/wp-json\/wp\/v2\/pages\/113","targetHints":{"allow":["GET"]}}],"collection":[{"href":"https:\/\/svet-deti.cz\/na\/wp-json\/wp\/v2\/pages"}],"about":[{"href":"https:\/\/svet-deti.cz\/na\/wp-json\/wp\/v2\/types\/page"}],"author":[{"embeddable":true,"href":"https:\/\/svet-deti.cz\/na\/wp-json\/wp\/v2\/users\/1"}],"replies":[{"embeddable":true,"href":"https:\/\/svet-deti.cz\/na\/wp-json\/wp\/v2\/comments?post=113"}],"version-history":[{"count":3,"href":"https:\/\/svet-deti.cz\/na\/wp-json\/wp\/v2\/pages\/113\/revisions"}],"predecessor-version":[{"id":204,"href":"https:\/\/svet-deti.cz\/na\/wp-json\/wp\/v2\/pages\/113\/revisions\/204"}],"wp:attachment":[{"href":"https:\/\/svet-deti.cz\/na\/wp-json\/wp\/v2\/media?parent=113"}],"wp:term":[{"taxonomy":"category","embeddable":true,"href":"https:\/\/svet-deti.cz\/na\/wp-json\/wp\/v2\/categories?post=113"},{"taxonomy":"post_tag","embeddable":true,"href":"https:\/\/svet-deti.cz\/na\/wp-json\/wp\/v2\/tags?post=113"}],"curies":[{"name":"wp","href":"https:\/\/api.w.org\/{rel}","templated":true}]}}