{"id":20,"date":"2018-04-22T20:35:42","date_gmt":"2018-04-22T18:35:42","guid":{"rendered":"http:\/\/svet-deti.cz\/na\/?page_id=20"},"modified":"2026-01-03T12:08:35","modified_gmt":"2026-01-03T11:08:35","slug":"centrum-najada-bazen-a-sauna","status":"publish","type":"page","link":"https:\/\/svet-deti.cz\/na\/","title":{"rendered":"Centrum Naj\u00e1da &#8211; baz\u00e9n a sauna"},"content":{"rendered":"<h3>D\u016fm zdrav\u00ed &#8211; kryt\u00fd plaveck\u00fd baz\u00e9n v Nov\u00e9m M\u011bst\u011b nad Metuj\u00ed.<\/h3>\n<p>1. \u00fanora 2008 jsme zah\u00e1jili provoz baz\u00e9nu, sauny a bufetu v Dom\u011b zdrav\u00ed v Nov\u00e9m M\u011bst\u011b nad Metuj\u00ed.<\/p>\n<p><img loading=\"lazy\" decoding=\"async\" class=\"alignnone size-full wp-image-97 alignleft\" src=\"http:\/\/svet-deti.cz\/na\/wp-content\/uploads\/sites\/5\/2018\/09\/log_najm.gif\" alt=\"Logo Naj\u00e1da s.r.o. mal\u00e9\" width=\"84\" height=\"100\"> Centrum Naj\u00e1da s.r.o.&nbsp; ,&nbsp; ul. 28. \u0159\u00edjna 415 ,&nbsp; Nov\u00e9 M\u011bsto nad Metuj\u00ed ,&nbsp; I\u010cO: 275 304 34&nbsp;<br \/>\nCentrum Naj\u00e1da s.r.o. je pl\u00e1tcem DPH od 1.6.2014.<\/p>\n<p>Angelika Nov\u00e1kov\u00e1 tel. 608 146 654<br \/>\nRenata \u0160mejkalov\u00e1 tel. 776 321 263<br \/>\nE-mail: <a href=\"mailto:najada@svet-deti.cz\">najada@svet-deti.cz<\/a><\/p>\n<h3>Informace a nab\u00eddka slu\u017eeb baz\u00e9nu a sauny v Nov\u00e9m M\u011bst\u011b n.M.<\/h3>\n<h3><strong><a href=\"http:\/\/svet-deti.cz\/na\/wp-content\/uploads\/sites\/5\/2026\/01\/nmcenik26.pdf\" target=\"_blank\" rel=\"noopener\">Cen\u00edk vstupn\u00e9ho v Dom\u011b zdrav\u00ed Nov\u00e9 M\u011bsto nad Metuj\u00ed<\/a><\/strong><\/h3>\n<h3>Najdete n\u00e1s v Dom\u011b zdrav\u00ed, Nov\u00e9 M\u011bsto nad Metuj\u00ed, ul. 28. \u0159\u00edjna 415.<\/h3>\n<ul>\n<li><strong>Plaveck\u00fd baz\u00e9n <\/strong>&#8211; v\u00edce informac\u00ed&nbsp; <a href=\"https:\/\/svet-deti.cz\/na\/dz-bazen\/\"><strong>zde<\/strong><\/a> .<strong><br \/>\n<\/strong><\/li>\n<li><strong>Sauna <\/strong>&#8211; v\u00edce informac\u00ed&nbsp;<strong><a href=\"https:\/\/svet-deti.cz\/na\/dz-sauna\/\">zde<\/a><\/strong> .<\/li>\n<li><strong>Nab\u00eddka mas\u00e1\u017e\u00ed <\/strong>&#8211; v\u00edce informac\u00ed&nbsp;<strong><a href=\"http:\/\/svet-deti.cz\/na\/dz-nabidka-masazi\/\">zde<\/a><\/strong> .<strong><br \/>\n<\/strong><\/li>\n<li><strong>Kurzy plav\u00e1n\u00ed dosp\u011bl\u00fdch plavc\u016f i neplavc\u016f<\/strong><\/li>\n<\/ul>\n<p>&nbsp;<\/p>\n<p><a href=\"https:\/\/www.google.cz\/maps\/place\/28.+%C5%99%C3%ADjna+415,+549+01+Nov%C3%A9+M%C4%9Bsto+nad+Metuj%C3%AD\/@50.3564742,16.138187,17z\/data=!3m1!4b1!4m5!3m4!1s0x470e7a92730455f9:0x399d7599ee49c0a5!8m2!3d50.3564742!4d16.1403757\" target=\"_blank\" rel=\"noopener noreferrer\"><img loading=\"lazy\" decoding=\"async\" class=\"aligncenter wp-image-193 size-full\" src=\"http:\/\/svet-deti.cz\/na\/wp-content\/uploads\/sites\/5\/2018\/11\/DZ_NM_800_400.png\" alt=\"\" width=\"805\" height=\"400\" srcset=\"https:\/\/svet-deti.cz\/na\/wp-content\/uploads\/sites\/5\/2018\/11\/DZ_NM_800_400.png 805w, https:\/\/svet-deti.cz\/na\/wp-content\/uploads\/sites\/5\/2018\/11\/DZ_NM_800_400-300x149.png 300w, https:\/\/svet-deti.cz\/na\/wp-content\/uploads\/sites\/5\/2018\/11\/DZ_NM_800_400-768x382.png 768w\" sizes=\"auto, (max-width: 805px) 100vw, 805px\" \/><\/a><\/p>\n","protected":false},"excerpt":{"rendered":"<p>D\u016fm zdrav\u00ed &#8211; kryt\u00fd plaveck\u00fd baz\u00e9n v Nov\u00e9m M\u011bst\u011b nad Metuj\u00ed. 1. \u00fanora 2008 jsme zah\u00e1jili provoz baz\u00e9nu, sauny a bufetu v Dom\u011b zdrav\u00ed v Nov\u00e9m M\u011bst\u011b nad Metuj\u00ed. Centrum Naj\u00e1da s.r.o.&nbsp; ,&nbsp; ul. 28. \u0159\u00edjna 415 ,&nbsp; Nov\u00e9 M\u011bsto nad Metuj\u00ed ,&nbsp; I\u010cO: 275 304 34&nbsp; Centrum Naj\u00e1da s.r.o. je pl\u00e1tcem DPH od 1.6.2014.<\/p>\n<p class=\"more-link\"><a href=\"https:\/\/svet-deti.cz\/na\/\" class=\"themebutton2\">Read More<\/a><\/p>\n","protected":false},"author":1,"featured_media":0,"parent":0,"menu_order":0,"comment_status":"closed","ping_status":"closed","template":"","meta":{"ngg_post_thumbnail":0,"footnotes":""},"categories":[],"tags":[],"class_list":["post-20","page","type-page","status-publish","hentry"],"_links":{"self":[{"href":"https:\/\/svet-deti.cz\/na\/wp-json\/wp\/v2\/pages\/20","targetHints":{"allow":["GET"]}}],"collection":[{"href":"https:\/\/svet-deti.cz\/na\/wp-json\/wp\/v2\/pages"}],"about":[{"href":"https:\/\/svet-deti.cz\/na\/wp-json\/wp\/v2\/types\/page"}],"author":[{"embeddable":true,"href":"https:\/\/svet-deti.cz\/na\/wp-json\/wp\/v2\/users\/1"}],"replies":[{"embeddable":true,"href":"https:\/\/svet-deti.cz\/na\/wp-json\/wp\/v2\/comments?post=20"}],"version-history":[{"count":54,"href":"https:\/\/svet-deti.cz\/na\/wp-json\/wp\/v2\/pages\/20\/revisions"}],"predecessor-version":[{"id":951,"href":"https:\/\/svet-deti.cz\/na\/wp-json\/wp\/v2\/pages\/20\/revisions\/951"}],"wp:attachment":[{"href":"https:\/\/svet-deti.cz\/na\/wp-json\/wp\/v2\/media?parent=20"}],"wp:term":[{"taxonomy":"category","embeddable":true,"href":"https:\/\/svet-deti.cz\/na\/wp-json\/wp\/v2\/categories?post=20"},{"taxonomy":"post_tag","embeddable":true,"href":"https:\/\/svet-deti.cz\/na\/wp-json\/wp\/v2\/tags?post=20"}],"curies":[{"name":"wp","href":"https:\/\/api.w.org\/{rel}","templated":true}]}}