{"id":35,"date":"2018-04-22T20:52:42","date_gmt":"2018-04-22T18:52:42","guid":{"rendered":"http:\/\/svet-deti.cz\/na\/?page_id=35"},"modified":"2023-09-24T20:41:43","modified_gmt":"2023-09-24T18:41:43","slug":"dz-bazen","status":"publish","type":"page","link":"https:\/\/svet-deti.cz\/na\/dz-bazen\/","title":{"rendered":"D\u016fm zdrav\u00ed Nov\u00e9 M\u011bsto nad Metuj\u00ed &#8211; baz\u00e9n"},"content":{"rendered":"<p>D\u016fm zdrav\u00ed &#8211; kryt\u00fd plaveck\u00fd baz\u00e9n v Nov\u00e9m M\u011bst\u011b nad Metuj\u00ed<\/p>\n<p><strong>Plaveck\u00fd baz\u00e9n<\/strong><\/p>\n<ul>\n<li>rozm\u011bry 12,5 x 6 m<\/li>\n<li>hloubka 0,90 &#8211; 1,2 m<\/li>\n<li>voda 27 &#8211; 28 \u00b0C<\/li>\n<li>kapacita 30 osob<\/li>\n<li>d\u011btem mlad\u0161\u00edm 10 ti let je n\u00e1v\u0161t\u011bva baz\u00e9nu dovolena pouze v doprovodu osoby star\u0161\u00ed 18 ti let<\/li>\n<li>v cen\u011b baz\u00e9nu je pou\u017eit\u00ed vysou\u0161e\u010de vlas\u016f<\/li>\n<\/ul>\n<p>Bli\u017e\u0161\u00ed informace poskytneme telefonicky nebo elektronickou po\u0161tou.<br \/>\nKontakt:<br \/>\nAngelika Nov\u00e1kov\u00e1 tel. 608 146 654<br \/>\nRenata \u0160mejkalov\u00e1 tel. 776 321 263<br \/>\nE-mail: <a href=\"mailto:najada@svet-deti.cz\">najada@svet-deti.cz<\/a><\/p>\n<h3><strong><a href=\"http:\/\/svet-deti.cz\/na\/wp-content\/uploads\/sites\/5\/2023\/09\/nmbazrad.pdf\" target=\"_blank\" rel=\"noopener\">Provozn\u00ed a n\u00e1v\u0161t\u011bvn\u00ed \u0159\u00e1d kryt\u00e9ho plaveck\u00e9ho baz\u00e9nu v Nov\u00e9m M\u011bst\u011b n. M.<\/a><\/strong><\/h3>\n<p>ngg_shortcode_0_placeholder<strong>Najdete n\u00e1s<\/strong><br \/>\n<a href=\"https:\/\/www.google.cz\/maps\/place\/28.+%C5%99%C3%ADjna+415,+549+01+Nov%C3%A9+M%C4%9Bsto+nad+Metuj%C3%AD\/@50.3564742,16.138187,17z\/data=!3m1!4b1!4m5!3m4!1s0x470e7a92730455f9:0x399d7599ee49c0a5!8m2!3d50.3564742!4d16.1403757\" target=\"_blank\" rel=\"noopener\"><img loading=\"lazy\" decoding=\"async\" class=\"aligncenter wp-image-193 size-full\" src=\"http:\/\/svet-deti.cz\/na\/wp-content\/uploads\/sites\/5\/2018\/11\/DZ_NM_800_400.png\" alt=\"\" width=\"805\" height=\"400\" srcset=\"https:\/\/svet-deti.cz\/na\/wp-content\/uploads\/sites\/5\/2018\/11\/DZ_NM_800_400.png 805w, https:\/\/svet-deti.cz\/na\/wp-content\/uploads\/sites\/5\/2018\/11\/DZ_NM_800_400-300x149.png 300w, https:\/\/svet-deti.cz\/na\/wp-content\/uploads\/sites\/5\/2018\/11\/DZ_NM_800_400-768x382.png 768w\" sizes=\"auto, (max-width: 805px) 100vw, 805px\" \/><\/a><\/p>\n","protected":false},"excerpt":{"rendered":"<p>D\u016fm zdrav\u00ed &#8211; kryt\u00fd plaveck\u00fd baz\u00e9n v Nov\u00e9m M\u011bst\u011b nad Metuj\u00ed Plaveck\u00fd baz\u00e9n rozm\u011bry 12,5 x 6 m hloubka 0,90 &#8211; 1,2 m voda 27 &#8211; 28 \u00b0C kapacita 30 osob d\u011btem mlad\u0161\u00edm 10 ti let je n\u00e1v\u0161t\u011bva baz\u00e9nu dovolena pouze v doprovodu osoby star\u0161\u00ed 18 ti let v cen\u011b baz\u00e9nu je pou\u017eit\u00ed vysou\u0161e\u010de vlas\u016f<\/p>\n<p class=\"more-link\"><a href=\"https:\/\/svet-deti.cz\/na\/dz-bazen\/\" class=\"themebutton2\">Read More<\/a><\/p>\n","protected":false},"author":1,"featured_media":0,"parent":0,"menu_order":0,"comment_status":"closed","ping_status":"closed","template":"","meta":{"ngg_post_thumbnail":0,"footnotes":""},"categories":[],"tags":[],"class_list":["post-35","page","type-page","status-publish","hentry"],"_links":{"self":[{"href":"https:\/\/svet-deti.cz\/na\/wp-json\/wp\/v2\/pages\/35","targetHints":{"allow":["GET"]}}],"collection":[{"href":"https:\/\/svet-deti.cz\/na\/wp-json\/wp\/v2\/pages"}],"about":[{"href":"https:\/\/svet-deti.cz\/na\/wp-json\/wp\/v2\/types\/page"}],"author":[{"embeddable":true,"href":"https:\/\/svet-deti.cz\/na\/wp-json\/wp\/v2\/users\/1"}],"replies":[{"embeddable":true,"href":"https:\/\/svet-deti.cz\/na\/wp-json\/wp\/v2\/comments?post=35"}],"version-history":[{"count":22,"href":"https:\/\/svet-deti.cz\/na\/wp-json\/wp\/v2\/pages\/35\/revisions"}],"predecessor-version":[{"id":691,"href":"https:\/\/svet-deti.cz\/na\/wp-json\/wp\/v2\/pages\/35\/revisions\/691"}],"wp:attachment":[{"href":"https:\/\/svet-deti.cz\/na\/wp-json\/wp\/v2\/media?parent=35"}],"wp:term":[{"taxonomy":"category","embeddable":true,"href":"https:\/\/svet-deti.cz\/na\/wp-json\/wp\/v2\/categories?post=35"},{"taxonomy":"post_tag","embeddable":true,"href":"https:\/\/svet-deti.cz\/na\/wp-json\/wp\/v2\/tags?post=35"}],"curies":[{"name":"wp","href":"https:\/\/api.w.org\/{rel}","templated":true}]}}