{"id":37,"date":"2018-04-22T20:54:51","date_gmt":"2018-04-22T18:54:51","guid":{"rendered":"http:\/\/svet-deti.cz\/na\/?page_id=37"},"modified":"2024-09-10T20:53:51","modified_gmt":"2024-09-10T18:53:51","slug":"dz-sauna","status":"publish","type":"page","link":"https:\/\/svet-deti.cz\/na\/dz-sauna\/","title":{"rendered":"D\u016fm zdrav\u00ed Nov\u00e9 M\u011bsto nad Metuj\u00ed &#8211; sauna"},"content":{"rendered":"<p><strong>D\u016fm zdrav\u00ed &#8211; sauna v Nov\u00e9m M\u011bst\u011b nad Metuj\u00ed<\/strong><\/p>\n<p><strong>Sauna<\/strong><\/p>\n<ul>\n<li>kapacita 20 osob<\/li>\n<li>teplota v proh\u0159\u00edv\u00e1rn\u011b: pro dosp\u011bl\u00e9 80 &#8211; 100 \u00b0C, pro d\u011bti 70 \u00b0C<\/li>\n<li>teplota vody v ochlazovac\u00edm baz\u00e9nku 8 &#8211; 10 \u00b0C<\/li>\n<li>vn\u011bj\u0161\u00ed ochlazovna &#8211; venkovn\u00ed prostor pro ochlazen\u00ed t\u011bla vzduchem, v zim\u011b sn\u011bhem<\/li>\n<li>mas\u00e1\u017ee dle objedn\u00e1vky<\/li>\n<li>d\u011btem mlad\u0161\u00edm 10 ti let je n\u00e1v\u0161t\u011bva sauny dovolena pouze v doprovodu osoby star\u0161\u00ed 18 ti let<\/li>\n<li>ka\u017ed\u00fd n\u00e1v\u0161t\u011bvn\u00edk je povinnen m\u00edt dva ru\u010dn\u00edky nebo si je zap\u016fj\u010dit<\/li>\n<li>v cen\u011b sauny je pou\u017eit\u00ed vysou\u0161e\u010de vlas\u016f<\/li>\n<\/ul>\n<p>Bli\u017e\u0161\u00ed informace poskytneme telefonicky nebo elektronickou po\u0161tou.<br \/>\nKontakt:<br \/>\nAngelika Nov\u00e1kov\u00e1 tel. 608 146 654<br \/>\nRenata \u0160mejkalov\u00e1 tel. 776 321 263<br \/>\nE-mail: <a href=\"mailto:najada@svet-deti.cz\">najada@svet-deti.cz<\/a><\/p>\n<h3><strong><a href=\"http:\/\/svet-deti.cz\/na\/wp-content\/uploads\/sites\/5\/2023\/09\/nmsaurad.pdf\" target=\"_blank\" rel=\"noopener\"> Provozn\u00ed a n\u00e1v\u0161t\u011bvn\u00ed \u0159\u00e1d sauny v Nov\u00e9m M\u011bst\u011b n. M.<\/a><\/strong><\/h3>\n<h3><a href=\"http:\/\/svet-deti.cz\/na\/wp-content\/uploads\/sites\/5\/2023\/09\/nmsaupok.pdf\" target=\"_blank\" rel=\"noopener\"><strong>Provozn\u00ed a n\u00e1v\u0161t\u011bvn\u00ed \u0159\u00e1d kryt\u00e9ho plaveck\u00e9ho baz\u00e9nu v Nov\u00e9m M\u011bst\u011b n. M.<\/strong><\/a><\/h3>\n<p>&nbsp;<\/p>\nngg_shortcode_0_placeholder\n<p><strong>Najdete n\u00e1s<\/strong><br \/>\n<a href=\"https:\/\/www.google.cz\/maps\/place\/28.+%C5%99%C3%ADjna+415,+549+01+Nov%C3%A9+M%C4%9Bsto+nad+Metuj%C3%AD\/@50.3564742,16.138187,17z\/data=!3m1!4b1!4m5!3m4!1s0x470e7a92730455f9:0x399d7599ee49c0a5!8m2!3d50.3564742!4d16.1403757\" target=\"_blank\" rel=\"noopener\"><img loading=\"lazy\" decoding=\"async\" class=\"aligncenter wp-image-193 size-full\" src=\"http:\/\/svet-deti.cz\/na\/wp-content\/uploads\/sites\/5\/2018\/11\/DZ_NM_800_400.png\" alt=\"\" width=\"805\" height=\"400\" srcset=\"https:\/\/svet-deti.cz\/na\/wp-content\/uploads\/sites\/5\/2018\/11\/DZ_NM_800_400.png 805w, https:\/\/svet-deti.cz\/na\/wp-content\/uploads\/sites\/5\/2018\/11\/DZ_NM_800_400-300x149.png 300w, https:\/\/svet-deti.cz\/na\/wp-content\/uploads\/sites\/5\/2018\/11\/DZ_NM_800_400-768x382.png 768w\" sizes=\"auto, (max-width: 805px) 100vw, 805px\" \/><\/a><\/p>\n","protected":false},"excerpt":{"rendered":"<p>D\u016fm zdrav\u00ed &#8211; sauna v Nov\u00e9m M\u011bst\u011b nad Metuj\u00ed Sauna kapacita 20 osob teplota v proh\u0159\u00edv\u00e1rn\u011b: pro dosp\u011bl\u00e9 80 &#8211; 100 \u00b0C, pro d\u011bti 70 \u00b0C teplota vody v ochlazovac\u00edm baz\u00e9nku 8 &#8211; 10 \u00b0C vn\u011bj\u0161\u00ed ochlazovna &#8211; venkovn\u00ed prostor pro ochlazen\u00ed t\u011bla vzduchem, v zim\u011b sn\u011bhem mas\u00e1\u017ee dle objedn\u00e1vky d\u011btem mlad\u0161\u00edm 10 ti let<\/p>\n<p class=\"more-link\"><a href=\"https:\/\/svet-deti.cz\/na\/dz-sauna\/\" class=\"themebutton2\">Read More<\/a><\/p>\n","protected":false},"author":1,"featured_media":0,"parent":0,"menu_order":0,"comment_status":"closed","ping_status":"closed","template":"","meta":{"ngg_post_thumbnail":0,"footnotes":""},"categories":[],"tags":[],"class_list":["post-37","page","type-page","status-publish","hentry"],"_links":{"self":[{"href":"https:\/\/svet-deti.cz\/na\/wp-json\/wp\/v2\/pages\/37","targetHints":{"allow":["GET"]}}],"collection":[{"href":"https:\/\/svet-deti.cz\/na\/wp-json\/wp\/v2\/pages"}],"about":[{"href":"https:\/\/svet-deti.cz\/na\/wp-json\/wp\/v2\/types\/page"}],"author":[{"embeddable":true,"href":"https:\/\/svet-deti.cz\/na\/wp-json\/wp\/v2\/users\/1"}],"replies":[{"embeddable":true,"href":"https:\/\/svet-deti.cz\/na\/wp-json\/wp\/v2\/comments?post=37"}],"version-history":[{"count":27,"href":"https:\/\/svet-deti.cz\/na\/wp-json\/wp\/v2\/pages\/37\/revisions"}],"predecessor-version":[{"id":794,"href":"https:\/\/svet-deti.cz\/na\/wp-json\/wp\/v2\/pages\/37\/revisions\/794"}],"wp:attachment":[{"href":"https:\/\/svet-deti.cz\/na\/wp-json\/wp\/v2\/media?parent=37"}],"wp:term":[{"taxonomy":"category","embeddable":true,"href":"https:\/\/svet-deti.cz\/na\/wp-json\/wp\/v2\/categories?post=37"},{"taxonomy":"post_tag","embeddable":true,"href":"https:\/\/svet-deti.cz\/na\/wp-json\/wp\/v2\/tags?post=37"}],"curies":[{"name":"wp","href":"https:\/\/api.w.org\/{rel}","templated":true}]}}