{"id":25,"date":"2018-07-05T18:14:21","date_gmt":"2018-07-05T16:14:21","guid":{"rendered":"http:\/\/svet-deti.cz\/po\/?page_id=25"},"modified":"2018-09-27T15:56:47","modified_gmt":"2018-09-27T13:56:47","slug":"po-akt","status":"publish","type":"page","link":"https:\/\/svet-deti.cz\/po\/po-akt\/","title":{"rendered":"Plaveck\u00fd odd\u00edl &#8211; aktuality"},"content":{"rendered":"<p>Plaveck\u00fd odd\u00edl&nbsp; &#8211; aktuality<\/p>\n","protected":false},"excerpt":{"rendered":"<p>Plaveck\u00fd odd\u00edl&nbsp; &#8211; aktuality<\/p>\n","protected":false},"author":1,"featured_media":0,"parent":0,"menu_order":0,"comment_status":"closed","ping_status":"closed","template":"","meta":{"ngg_post_thumbnail":0,"footnotes":""},"categories":[],"tags":[],"class_list":["post-25","page","type-page","status-publish","hentry"],"_links":{"self":[{"href":"https:\/\/svet-deti.cz\/po\/wp-json\/wp\/v2\/pages\/25","targetHints":{"allow":["GET"]}}],"collection":[{"href":"https:\/\/svet-deti.cz\/po\/wp-json\/wp\/v2\/pages"}],"about":[{"href":"https:\/\/svet-deti.cz\/po\/wp-json\/wp\/v2\/types\/page"}],"author":[{"embeddable":true,"href":"https:\/\/svet-deti.cz\/po\/wp-json\/wp\/v2\/users\/1"}],"replies":[{"embeddable":true,"href":"https:\/\/svet-deti.cz\/po\/wp-json\/wp\/v2\/comments?post=25"}],"version-history":[{"count":3,"href":"https:\/\/svet-deti.cz\/po\/wp-json\/wp\/v2\/pages\/25\/revisions"}],"predecessor-version":[{"id":53,"href":"https:\/\/svet-deti.cz\/po\/wp-json\/wp\/v2\/pages\/25\/revisions\/53"}],"wp:attachment":[{"href":"https:\/\/svet-deti.cz\/po\/wp-json\/wp\/v2\/media?parent=25"}],"wp:term":[{"taxonomy":"category","embeddable":true,"href":"https:\/\/svet-deti.cz\/po\/wp-json\/wp\/v2\/categories?post=25"},{"taxonomy":"post_tag","embeddable":true,"href":"https:\/\/svet-deti.cz\/po\/wp-json\/wp\/v2\/tags?post=25"}],"curies":[{"name":"wp","href":"https:\/\/api.w.org\/{rel}","templated":true}]}}