{"id":250,"date":"2018-09-25T20:31:33","date_gmt":"2018-09-25T18:31:33","guid":{"rendered":"http:\/\/svet-deti.cz\/po\/?page_id=250"},"modified":"2019-10-17T21:28:09","modified_gmt":"2019-10-17T19:28:09","slug":"plavecky-oddil","status":"publish","type":"page","link":"https:\/\/svet-deti.cz\/po\/","title":{"rendered":"Plaveck\u00fd odd\u00edl"},"content":{"rendered":"<p><b><big>PLAVECK\u00dd ODD\u00cdL NOV\u00c9 M\u011aSTO NAD METUJ\u00cd<\/big><\/b><br \/>\nbyl zalo\u017een\u00fd v roce 2010. Od roku 2012 na\u0161i plavci dosahuj\u00ed v\u00fdborn\u00fdch \u00fasp\u011bch\u016f v\u010detn\u011b medailov\u00fdch um\u00edst\u011bn\u00ed ji\u017e od nejmlad\u0161\u00edch kategori\u00ed na oblastn\u00edch, krajsk\u00fdch i celost\u00e1tn\u00edch sout\u011b\u017e\u00edch.<br \/>\nZ\u00edskali jsme medaile na mistrovstv\u00edch a poh\u00e1rech \u010cesk\u00e9 republiky i Olympi\u00e1d\u011b d\u011bt\u00ed a ml\u00e1de\u017ee.<\/p>\n<p>V&nbsp;plaveck\u00e9m baz\u00e9n\u011b v Nov\u00e9m M\u011bst\u011b nad Metuj\u00ed nab\u00edz\u00edme tyto plaveck\u00e9 kurzy pod veden\u00edm vy\u0161kolen\u00fdch instruktor\u016f a tren\u00e9r\u016f.<\/p>\n<p>Plaveck\u00e1 minip\u0159\u00edpravka 5 &#8211; 6 let<br \/>\nPo telefonick\u00e9 domluv\u011b.<\/p>\n<p>Plaveck\u00e1 p\u0159\u00edpravka 1.-4. t\u0159\u00edda<br \/>\nPo telefonick\u00e9 domluv\u011b.<\/p>\n<p>Zdokonalovac\u00ed plav\u00e1n\u00ed 5.-9. t\u0159\u00edda<br \/>\nPo telefonick\u00e9 domluv\u011b.<\/p>\n<p>V plaveck\u00e9m baz\u00e9n\u011b v Dobru\u0161ce tr\u00e9nuj\u00ed 2x-5x t\u00fddn\u011b novom\u011bst\u0161t\u00ed plavci, kte\u0159\u00ed se \u00fa\u010dastn\u00ed oblastn\u00edch, krajsk\u00fdch i republikov\u00fdch sout\u011b\u017e\u00ed.<br \/>\nV plaveck\u00e9m baz\u00e9n\u011b v Dobru\u0161ce d\u00e1le nab\u00edz\u00edme kondi\u010dn\u00ed plav\u00e1n\u00ed ka\u017ed\u00e9 pond\u011bl\u00ed od 16.00 do 17.00 hod.<\/p>\n<p>P\u0159ihl\u00e1sit se m\u016f\u017eete na:<br \/>\nRenata \u0160mejkalov\u00e1 , tel. 776 321 263 , e-mail: <a href=\"mailto:renata.s@svet-deti.cz\">renata.s@svet-deti.cz<\/a><br \/>\nAngelika Nov\u00e1kov\u00e1 , tel. 608 146 654 , e-mail: <a href=\"mailto:angelika.n@svet-deti.cz\">angelika.n@svet-deti.cz<\/a><\/p>\n<p>PONMM, z.s., ul. 28.\u0159\u00edjna 415, Nov\u00e9 M\u011bsto nad Metuj\u00ed, I\u010cO 04784855<\/p>\n<p><a href=\"https:\/\/www.google.cz\/maps\/place\/28.+%C5%99%C3%ADjna+415,+549+01+Nov%C3%A9+M%C4%9Bsto+nad+Metuj%C3%AD\/@50.3564742,16.138187,17z\/data=!3m1!4b1!4m5!3m4!1s0x470e7a92730455f9:0x399d7599ee49c0a5!8m2!3d50.3564742!4d16.1403757\" target=\"_blank\" rel=\"noopener noreferrer\"><img loading=\"lazy\" decoding=\"async\" class=\"aligncenter wp-image-808 size-full\" src=\"https:\/\/svet-deti.cz\/po\/wp-content\/uploads\/sites\/6\/2018\/11\/PO_NM_800_400.png\" alt=\"\" width=\"800\" height=\"400\" srcset=\"https:\/\/svet-deti.cz\/po\/wp-content\/uploads\/sites\/6\/2018\/11\/PO_NM_800_400.png 800w, https:\/\/svet-deti.cz\/po\/wp-content\/uploads\/sites\/6\/2018\/11\/PO_NM_800_400-300x150.png 300w, https:\/\/svet-deti.cz\/po\/wp-content\/uploads\/sites\/6\/2018\/11\/PO_NM_800_400-768x384.png 768w, https:\/\/svet-deti.cz\/po\/wp-content\/uploads\/sites\/6\/2018\/11\/PO_NM_800_400-570x285.png 570w\" sizes=\"auto, (max-width: 800px) 100vw, 800px\" \/><\/a><\/p>\n","protected":false},"excerpt":{"rendered":"<p>PLAVECK\u00dd ODD\u00cdL NOV\u00c9 M\u011aSTO NAD METUJ\u00cd byl zalo\u017een\u00fd v roce 2010. Od roku 2012 na\u0161i plavci dosahuj\u00ed v\u00fdborn\u00fdch \u00fasp\u011bch\u016f v\u010detn\u011b medailov\u00fdch um\u00edst\u011bn\u00ed ji\u017e od nejmlad\u0161\u00edch kategori\u00ed na oblastn\u00edch, krajsk\u00fdch i celost\u00e1tn\u00edch sout\u011b\u017e\u00edch. Z\u00edskali jsme medaile na mistrovstv\u00edch a poh\u00e1rech \u010cesk\u00e9 republiky i Olympi\u00e1d\u011b d\u011bt\u00ed a ml\u00e1de\u017ee. V&nbsp;plaveck\u00e9m baz\u00e9n\u011b v Nov\u00e9m M\u011bst\u011b nad Metuj\u00ed nab\u00edz\u00edme tyto<\/p>\n<p class=\"more-link\"><a href=\"https:\/\/svet-deti.cz\/po\/\" class=\"themebutton2\">Read More<\/a><\/p>\n","protected":false},"author":1,"featured_media":0,"parent":0,"menu_order":0,"comment_status":"closed","ping_status":"closed","template":"","meta":{"ngg_post_thumbnail":0,"footnotes":""},"categories":[],"tags":[],"class_list":["post-250","page","type-page","status-publish","hentry"],"_links":{"self":[{"href":"https:\/\/svet-deti.cz\/po\/wp-json\/wp\/v2\/pages\/250","targetHints":{"allow":["GET"]}}],"collection":[{"href":"https:\/\/svet-deti.cz\/po\/wp-json\/wp\/v2\/pages"}],"about":[{"href":"https:\/\/svet-deti.cz\/po\/wp-json\/wp\/v2\/types\/page"}],"author":[{"embeddable":true,"href":"https:\/\/svet-deti.cz\/po\/wp-json\/wp\/v2\/users\/1"}],"replies":[{"embeddable":true,"href":"https:\/\/svet-deti.cz\/po\/wp-json\/wp\/v2\/comments?post=250"}],"version-history":[{"count":17,"href":"https:\/\/svet-deti.cz\/po\/wp-json\/wp\/v2\/pages\/250\/revisions"}],"predecessor-version":[{"id":1070,"href":"https:\/\/svet-deti.cz\/po\/wp-json\/wp\/v2\/pages\/250\/revisions\/1070"}],"wp:attachment":[{"href":"https:\/\/svet-deti.cz\/po\/wp-json\/wp\/v2\/media?parent=250"}],"wp:term":[{"taxonomy":"category","embeddable":true,"href":"https:\/\/svet-deti.cz\/po\/wp-json\/wp\/v2\/categories?post=250"},{"taxonomy":"post_tag","embeddable":true,"href":"https:\/\/svet-deti.cz\/po\/wp-json\/wp\/v2\/tags?post=250"}],"curies":[{"name":"wp","href":"https:\/\/api.w.org\/{rel}","templated":true}]}}