{"id":29,"date":"2018-07-05T18:15:29","date_gmt":"2018-07-05T16:15:29","guid":{"rendered":"http:\/\/svet-deti.cz\/po\/?page_id=29"},"modified":"2020-02-01T20:04:57","modified_gmt":"2020-02-01T19:04:57","slug":"po-fotogalerie","status":"publish","type":"page","link":"https:\/\/svet-deti.cz\/po\/po-fotogalerie\/","title":{"rendered":"Plaveck\u00fd odd\u00edl &#8211; fotogalerie"},"content":{"rendered":"<p>Fotografie &#8211; Plaveck\u00e9 z\u00e1vody v&nbsp;\u010cesk\u00e9 T\u0159ebov\u00e9 18.1.2020<\/p>\n<p>ngg_shortcode_0_placeholderFotografie &#8211; Neratovick\u00fd v\u00edceboj 18.1.2020<\/p>\n<p>ngg_shortcode_1_placeholderFotografie &#8211; Zimn\u00ed krajsk\u00e9 p\u0159ebory v Ji\u010d\u00edn\u011b pro 9ti let\u00e9 a mlad\u0161\u00ed plavce.<\/p>\n<p>ngg_shortcode_2_placeholderFotografie &#8211; Poh\u00e1r \u010cR pro 11ti let\u00e9 v T\u0159eb\u00ed\u010di 30.11.2019<\/p>\n<p>ngg_shortcode_3_placeholderFotografie &#8211; Zimn\u00ed poh\u00e1r \u010cR v&nbsp;Prost\u011bjov\u011b pro 10ti let\u00e9 30.11.-1.12.2019<\/p>\n<p>ngg_shortcode_4_placeholderFotografie &#8211; Krajsk\u00fd p\u0159ebor 12ti let\u00fdch a star\u0161\u00edch v \u010cesk\u00e1 T\u0159ebov\u00e9 23.11-24.11.2019<\/p>\n<p>ngg_shortcode_5_placeholderFotografie &#8211; Krajsk\u00fd p\u0159ebor 11ti let\u00fdch v N\u00e1chod\u011b<\/p>\n<p>ngg_shortcode_6_placeholderFotografie &#8211; Krajsk\u00fd p\u0159ebor 10ti let\u00fdch ve Vysok\u00e9m M\u00fdt\u011b<\/p>\n<p>ngg_shortcode_7_placeholderFotografie &#8211; MEMORI\u00c1L TOM\u00c1\u0160E \u0158\u00cdDKO\u0160ILA 2. ro\u010dn\u00edk<\/p>\n<p>ngg_shortcode_8_placeholderFotografie z plaveck\u00fdch z\u00e1vod\u016f v Jablonci nad Nisou 24.3.2018<\/p>\nngg_shortcode_9_placeholder\n<p>Fotografie z letn\u00ed olympi\u00e1dy d\u011bt\u00ed a ml\u00e1de\u017ee 2017 v Brn\u011b<\/p>\nngg_shortcode_10_placeholder\n<p>Fotografie z plaveck\u00fdch z\u00e1vod\u016f &#8211; KRAJSK\u00dd P\u0158EBOR V\u00ddCHODN\u00cd \u010cECHY pro \u017eactvo 10- 11 let N\u00e1chod 19.11.2016<\/p>\nngg_shortcode_11_placeholder\n<p>Fotografie z plaveck\u00fdch z\u00e1vod\u016f &#8211; OBLASTN\u00cd P\u0158EBOR V\u00ddCHODN\u00cd \u010cECHY \u010cesk\u00e1 T\u0159ebov\u00e1 12. &#8211; 13.11.2016<\/p>\nngg_shortcode_12_placeholder\n<p>Fotografie z plaveck\u00fdch z\u00e1vod\u016f &#8211; POH\u00c1R JIR\u00c1SKOVA KRAJE A PODKRKONO\u0160\u00cd v N\u00e1chod\u011b 22.10.2016<\/p>\nngg_shortcode_13_placeholder\n<p>Fotografie z plaveck\u00fdch z\u00e1vod\u016f v Kol\u00edn\u011b 1.10.2016<\/p>\nngg_shortcode_14_placeholder\n<p>V\u00e1no\u010dn\u00ed plaveck\u00e9 z\u00e1vody ve Vysok\u00e9m M\u00fdt\u011b v sobotu 19. prosince 2015.<\/p>\nngg_shortcode_15_placeholder\n<p>Krajsk\u00fd p\u0159ebor 10-ti a 11-ti let\u00e9ho \u017eactva 2015 v N\u00e1chod\u011b<\/p>\nngg_shortcode_16_placeholder\n<p>Plaveck\u00e9 z\u00e1vody v N\u00e1chod\u011b 20.6.2015<\/p>\nngg_shortcode_17_placeholder\n<p>Krajsk\u00fd p\u0159ebor 10-ti a 11-ti let\u00e9ho \u017eactva 2015 &#8211; Svitavy 30.5.2015<\/p>\nngg_shortcode_18_placeholder\n<p>LETN\u00cd POH\u00c1R \u010cESK\u00c9 REPUBLIKY DESETILET\u00c9HO A JEDEN\u00c1CTILET\u00c9HO \u017dACTVA 2015<\/p>\nngg_shortcode_19_placeholder\n<p>Fotografie z plaveck\u00fdch z\u00e1vod\u016f v Trutnov\u011b 28.2.2015 &#8211; Poh\u00e1r Jir\u00e1skova kraje a Podkrkono\u0161\u00ed 1. kolo<\/p>\nngg_shortcode_20_placeholder\n<p>Fotografie z plaveck\u00fdch z\u00e1vod\u016f pro nejmen\u0161\u00ed plavce v \u010cesk\u00e9 T\u0159ebov\u00e9 17.1.2015 &#8211; O T\u0158EBOVSKOU MA\u0160INKU<\/p>\nngg_shortcode_21_placeholder\n<p>2. V\u00c1NO\u010cN\u00cd CENA M\u011aSTA VYSOK\u00c9HO M\u00ddTA &#8211; 20.12.2014<\/p>\nngg_shortcode_22_placeholder\n<p>N\u00e1chod 2014 &#8211; O POH\u00c1R RYT\u00cd\u0158E HRONA<\/p>\nngg_shortcode_23_placeholder\n<p>Plaveck\u00e9 z\u00e1vody v Jablonci 22.3.2014<\/p>\nngg_shortcode_24_placeholder\n<p>Krajsk\u00e9 plaveck\u00e9 z\u00e1vody v Ji\u010d\u00edn\u011b pro ro\u010dn\u00edk 2005 a ml.<\/p>\nngg_shortcode_25_placeholder\n<p>Plaveck\u00e9 z\u00e1vody Ji\u010d\u00edn 2012<\/p>\nngg_shortcode_26_placeholder\n<p>Krajsk\u00fd p\u0159ebor 2012 9-ti let\u00e9ho a mlad\u0161\u00edho \u017eactva<\/p>\nngg_shortcode_27_placeholder\n<p>Plaveck\u00e9 z\u00e1vody N\u00e1chod \u010derven 2012<\/p>\nngg_shortcode_28_placeholder\n","protected":false},"excerpt":{"rendered":"<p>Fotografie &#8211; Plaveck\u00e9 z\u00e1vody v&nbsp;\u010cesk\u00e9 T\u0159ebov\u00e9 18.1.2020 Fotografie &#8211; Neratovick\u00fd v\u00edceboj 18.1.2020 Fotografie &#8211; Zimn\u00ed krajsk\u00e9 p\u0159ebory v Ji\u010d\u00edn\u011b pro 9ti let\u00e9 a mlad\u0161\u00ed plavce. Fotografie &#8211; Poh\u00e1r \u010cR pro 11ti let\u00e9 v T\u0159eb\u00ed\u010di 30.11.2019 Fotografie &#8211; Zimn\u00ed poh\u00e1r \u010cR v&nbsp;Prost\u011bjov\u011b pro 10ti let\u00e9 30.11.-1.12.2019 Fotografie &#8211; Krajsk\u00fd p\u0159ebor 12ti let\u00fdch a star\u0161\u00edch v \u010cesk\u00e1<\/p>\n<p class=\"more-link\"><a href=\"https:\/\/svet-deti.cz\/po\/po-fotogalerie\/\" class=\"themebutton2\">Read More<\/a><\/p>\n","protected":false},"author":1,"featured_media":0,"parent":0,"menu_order":0,"comment_status":"closed","ping_status":"closed","template":"","meta":{"ngg_post_thumbnail":0,"footnotes":""},"categories":[],"tags":[],"class_list":["post-29","page","type-page","status-publish","hentry"],"_links":{"self":[{"href":"https:\/\/svet-deti.cz\/po\/wp-json\/wp\/v2\/pages\/29","targetHints":{"allow":["GET"]}}],"collection":[{"href":"https:\/\/svet-deti.cz\/po\/wp-json\/wp\/v2\/pages"}],"about":[{"href":"https:\/\/svet-deti.cz\/po\/wp-json\/wp\/v2\/types\/page"}],"author":[{"embeddable":true,"href":"https:\/\/svet-deti.cz\/po\/wp-json\/wp\/v2\/users\/1"}],"replies":[{"embeddable":true,"href":"https:\/\/svet-deti.cz\/po\/wp-json\/wp\/v2\/comments?post=29"}],"version-history":[{"count":47,"href":"https:\/\/svet-deti.cz\/po\/wp-json\/wp\/v2\/pages\/29\/revisions"}],"predecessor-version":[{"id":1230,"href":"https:\/\/svet-deti.cz\/po\/wp-json\/wp\/v2\/pages\/29\/revisions\/1230"}],"wp:attachment":[{"href":"https:\/\/svet-deti.cz\/po\/wp-json\/wp\/v2\/media?parent=29"}],"wp:term":[{"taxonomy":"category","embeddable":true,"href":"https:\/\/svet-deti.cz\/po\/wp-json\/wp\/v2\/categories?post=29"},{"taxonomy":"post_tag","embeddable":true,"href":"https:\/\/svet-deti.cz\/po\/wp-json\/wp\/v2\/tags?post=29"}],"curies":[{"name":"wp","href":"https:\/\/api.w.org\/{rel}","templated":true}]}}