{"id":33,"date":"2018-07-05T18:17:08","date_gmt":"2018-07-05T16:17:08","guid":{"rendered":"http:\/\/svet-deti.cz\/po\/?page_id=33"},"modified":"2025-12-07T13:27:02","modified_gmt":"2025-12-07T12:27:02","slug":"po-partneri","status":"publish","type":"page","link":"https:\/\/svet-deti.cz\/po\/po-partneri\/","title":{"rendered":"Plaveck\u00fd odd\u00edl &#8211; partne\u0159i"},"content":{"rendered":"<p><img loading=\"lazy\" decoding=\"async\" class=\"size-full wp-image-58 alignleft\" src=\"https:\/\/svet-deti.cz\/po\/wp-content\/uploads\/sites\/6\/2018\/09\/logomnm.jpg\" alt=\"Logo Nov\u00e9 M\u011bsto n. M.\" width=\"300\" height=\"118\"><b><big><\/big><\/b><br \/>\n&nbsp;<br \/>\n<b><big>D\u011bkujeme m\u011bstu Nov\u00e9 M\u011bsto nad Metuj\u00ed za finan\u010dn\u00ed podporu plaveck\u00e9ho odd\u00edlu.<\/big><\/b><\/p>\n<p>&nbsp;<\/p>\n<p><img loading=\"lazy\" decoding=\"async\" class=\"size-full wp-image-1456\" src=\"https:\/\/svet-deti.cz\/po\/wp-content\/uploads\/sites\/6\/2022\/02\/NSA_agentura_logo.png\" alt=\"NSA\" width=\"193\" height=\"80\"><\/p>\n<p style=\"text-align: left;\">&nbsp;<span style=\"font-size: 14pt;\"><strong>Podpora ze st\u00e1tn\u00edho rozpo\u010dtu \u010cesk\u00e9 republiky &#8211; N\u00e1rodn\u00ed sportovn\u00ed agentura<\/strong><\/span><br \/>\n&nbsp;V\u00e1\u017een\u00ed sportovn\u00ed p\u0159\u00edznivci, dovolujeme si V\u00e1s informovat, \u017ee v roce 2025 obdr\u017eel PONMM, z.s &#8211; dotaci ze st\u00e1tn\u00edho rozpo\u010dtu na z\u00e1klad\u011b V\u00fdzvy NSA25_M\u016fj_klub_2025, \u010d.\u017e. MK25-01413.<br \/>\n\u00da\u010delem poskytnut\u00e9 dotace bylo zaji\u0161t\u011bn\u00ed sportovn\u00ed aktivity d\u011bt\u00ed a ml\u00e1de\u017ee ve v\u011bku 4 a\u017e 19 let a zabezpe\u010den\u00ed sportovn\u00ed, t\u011blov\u00fdchovn\u00e9 a organiza\u010dn\u00ed funkce \u017eadatele realizuj\u00edc\u00ed sportovn\u00ed aktivity d\u011bt\u00ed a&nbsp; ml\u00e1de\u017ee ve v\u011bku od 4 do 19 let v souladu s platn\u00fdmi a registrovan\u00fdmi stanovami. Dotace byla pou\u017eita na \u00fahradu \u010d\u00e1sti n\u00e1klad\u016f na \u010dinnost d\u011bt\u00ed a ml\u00e1de\u017ee &#8211; n\u00e1jemn\u00e9 sportovi\u0161\u0165, startovn\u00e9 a dal\u0161\u00ed n\u00e1klady spojen\u00e9 s \u010dinnost\u00ed odd\u00edlu.<\/p>\n<p style=\"text-align: left;\"><img loading=\"lazy\" decoding=\"async\" class=\"size-full wp-image-800 alignleft\" src=\"https:\/\/svet-deti.cz\/po\/wp-content\/uploads\/sites\/6\/2018\/11\/LogoCSPS.jpg\" alt=\"Logo \u010cSPS\" width=\"564\" height=\"122\" srcset=\"https:\/\/svet-deti.cz\/po\/wp-content\/uploads\/sites\/6\/2018\/11\/LogoCSPS.jpg 564w, https:\/\/svet-deti.cz\/po\/wp-content\/uploads\/sites\/6\/2018\/11\/LogoCSPS-300x65.jpg 300w\" sizes=\"auto, (max-width: 564px) 100vw, 564px\" \/><\/p>\n<p style=\"text-align: left;\"><span style=\"font-size: 14pt;\"><strong>&nbsp;<\/strong><\/span><\/p>\n<p><b><big>D\u011bkujeme \u010cSPS za finan\u010dn\u00ed podporu plaveck\u00e9ho odd\u00edlu.<br \/>\n<\/big><\/b><\/p>\n<p>&nbsp;<\/p>\n<p><img loading=\"lazy\" decoding=\"async\" class=\"size-full wp-image-727 alignleft\" src=\"https:\/\/svet-deti.cz\/po\/wp-content\/uploads\/sites\/6\/2018\/09\/logohk.jpg\" alt=\"Logo Kr\u00e1lovehradeck\u00fd kraj\" width=\"150\" height=\"66\"><\/p>\n<p style=\"text-align: left;\"><b><big>Podpora Kr\u00e1lovehradeck\u00e9ho kraje plaveck\u00e9mu odd\u00edlu Nov\u00e9 M\u011bsto n. M.<\/big><\/b><\/p>\n<p>dovolujeme si V\u00e1s informovat, \u017ee v roce 2021 obdr\u017eel PONMM, z.s. &#8211; plaveck\u00fd odd\u00edl dotaci z rozpo\u010dtu Kr\u00e1lov\u00e9hradeck\u00e9ho kraje ve v\u00fd\u0161i 30 000 K\u010d na projekt s n\u00e1zvem \u201ePlaveck\u00fd odd\u00edl PONMM, z.s. &#8211; podpora d\u011bt\u00ed a ml\u00e1de\u017ee 2021\u201c, \u010d. projektu 21SPT06-0069. P\u0159edm\u011btem poskytnut\u00e9 dotace je \u00fahrada \u010d\u00e1sti n\u00e1klad\u016f na \u010dinnost plaveck\u00e9ho odd\u00edlu \u2013 n\u00e1jemn\u00e9 sportovi\u0161t\u011b a po\u0159\u00edzen\u00ed sportovn\u00edho vybaven\u00ed.<br \/>\nZ poskytnut\u00e9 dotace byla uhrazena \u010d\u00e1st n\u00e1klad\u016f na n\u00e1jemn\u00e9 sportovi\u0161t\u011b \u2013 baz\u00e9nu a plaveck\u00fdch drah.<br \/>\nV\u00edce informac\u00ed naleznete <a href=\"https:\/\/svet-deti.cz\/po\/wp-content\/uploads\/sites\/6\/2021\/12\/PONMM_Mladez_2021_Publicita.pdf\" target=\"_blank\" rel=\"noopener\">zde<\/a>.<\/p>\n<p>&nbsp;<\/p>\n<p style=\"text-align: left;\"><strong><big><img loading=\"lazy\" decoding=\"async\" class=\"size-full wp-image-728 alignleft\" src=\"https:\/\/svet-deti.cz\/po\/wp-content\/uploads\/sites\/6\/2018\/09\/logomsmt.jpg\" alt=\"Logo M\u0160MT\" width=\"120\" height=\"120\" srcset=\"https:\/\/svet-deti.cz\/po\/wp-content\/uploads\/sites\/6\/2018\/09\/logomsmt.jpg 120w, https:\/\/svet-deti.cz\/po\/wp-content\/uploads\/sites\/6\/2018\/09\/logomsmt-53x53.jpg 53w\" sizes=\"auto, (max-width: 120px) 100vw, 120px\" \/>Podpora Ministerstva \u0161kolstv\u00ed a ml\u00e1de\u017ee <\/big><big>plaveck\u00e9mu odd\u00edlu Nov\u00e9 M\u011bsto n. M.<\/big><\/strong><\/p>\n<p>V\u00e1\u017een\u00ed sportovn\u00ed p\u0159\u00edznivci, dovolujeme si V\u00e1s informovat, \u017ee v roce 2020 obdr\u017eel PONMM, z.s. \u2013 plaveck\u00fd odd\u00edl neinvesti\u010dn\u00ed dotaci na rok 2020 z programu st\u00e1tn\u00ed podpory sportu \u2013 \u201eM\u016fj klub\u201c, pro projekt \u201eProjekt PONMM, z.s. \u2013 podpora plaveck\u00e9ho odd\u00edlu Plaveck\u00fd odd\u00edl Nov\u00e9 M\u011bsto nad Metuj\u00ed\u201c , evid. \u010d\u00edslo SPORT-2-B-3742\/2020. P\u0159edm\u011btem poskytnut\u00e9 dotace je \u00fahrada \u010d\u00e1sti n\u00e1klad\u016f na \u010dinnost ml\u00e1de\u017enick\u00fdch dru\u017estev \u2013 n\u00e1jemn\u00e9 sportovi\u0161t\u011b, doprava a cestovn\u00e9 , startovn\u00e9 a dal\u0161\u00ed n\u00e1klady spojen\u00e9 s \u010dinnost\u00ed odd\u00edlu.<\/p>\n","protected":false},"excerpt":{"rendered":"<p>&nbsp; D\u011bkujeme m\u011bstu Nov\u00e9 M\u011bsto nad Metuj\u00ed za finan\u010dn\u00ed podporu plaveck\u00e9ho odd\u00edlu. &nbsp; &nbsp;Podpora ze st\u00e1tn\u00edho rozpo\u010dtu \u010cesk\u00e9 republiky &#8211; N\u00e1rodn\u00ed sportovn\u00ed agentura &nbsp;V\u00e1\u017een\u00ed sportovn\u00ed p\u0159\u00edznivci, dovolujeme si V\u00e1s informovat, \u017ee v roce 2025 obdr\u017eel PONMM, z.s &#8211; dotaci ze st\u00e1tn\u00edho rozpo\u010dtu na z\u00e1klad\u011b V\u00fdzvy NSA25_M\u016fj_klub_2025, \u010d.\u017e. MK25-01413. \u00da\u010delem poskytnut\u00e9 dotace bylo zaji\u0161t\u011bn\u00ed sportovn\u00ed aktivity<\/p>\n<p class=\"more-link\"><a href=\"https:\/\/svet-deti.cz\/po\/po-partneri\/\" class=\"themebutton2\">Read More<\/a><\/p>\n","protected":false},"author":1,"featured_media":0,"parent":0,"menu_order":0,"comment_status":"closed","ping_status":"closed","template":"","meta":{"ngg_post_thumbnail":0,"footnotes":""},"categories":[],"tags":[],"class_list":["post-33","page","type-page","status-publish","hentry"],"_links":{"self":[{"href":"https:\/\/svet-deti.cz\/po\/wp-json\/wp\/v2\/pages\/33","targetHints":{"allow":["GET"]}}],"collection":[{"href":"https:\/\/svet-deti.cz\/po\/wp-json\/wp\/v2\/pages"}],"about":[{"href":"https:\/\/svet-deti.cz\/po\/wp-json\/wp\/v2\/types\/page"}],"author":[{"embeddable":true,"href":"https:\/\/svet-deti.cz\/po\/wp-json\/wp\/v2\/users\/1"}],"replies":[{"embeddable":true,"href":"https:\/\/svet-deti.cz\/po\/wp-json\/wp\/v2\/comments?post=33"}],"version-history":[{"count":41,"href":"https:\/\/svet-deti.cz\/po\/wp-json\/wp\/v2\/pages\/33\/revisions"}],"predecessor-version":[{"id":3396,"href":"https:\/\/svet-deti.cz\/po\/wp-json\/wp\/v2\/pages\/33\/revisions\/3396"}],"wp:attachment":[{"href":"https:\/\/svet-deti.cz\/po\/wp-json\/wp\/v2\/media?parent=33"}],"wp:term":[{"taxonomy":"category","embeddable":true,"href":"https:\/\/svet-deti.cz\/po\/wp-json\/wp\/v2\/categories?post=33"},{"taxonomy":"post_tag","embeddable":true,"href":"https:\/\/svet-deti.cz\/po\/wp-json\/wp\/v2\/tags?post=33"}],"curies":[{"name":"wp","href":"https:\/\/api.w.org\/{rel}","templated":true}]}}