{"id":35,"date":"2018-07-05T18:17:51","date_gmt":"2018-07-05T16:17:51","guid":{"rendered":"http:\/\/svet-deti.cz\/po\/?page_id=35"},"modified":"2020-09-13T11:28:30","modified_gmt":"2020-09-13T09:28:30","slug":"po-odkazy","status":"publish","type":"page","link":"https:\/\/svet-deti.cz\/po\/po-odkazy\/","title":{"rendered":"Plaveck\u00fd odd\u00edl &#8211; odkazy"},"content":{"rendered":"<ul>\n<li>\u010cesk\u00fd svaz plaveck\u00fdch sport\u016f<\/li>\n<li><a href=\"https:\/\/www.cuscz.cz\/\" target=\"_blank\" rel=\"noopener noreferrer\">\u010cesk\u00e1 unie sportu<\/a><\/li>\n<li><a href=\"http:\/\/www.novemestonm.cz\/\" target=\"_blank\" rel=\"noopener noreferrer\">M\u011bsto Nov\u00e9 M\u011bsto n. M.<\/a><\/li>\n<\/ul>\n<p><strong>Poji\u0161t\u011bn\u00ed odpov\u011bdnosti tren\u00e9r\u016f <\/strong>&#8211; informace z \u010cUS<br \/>\n<a href=\"https:\/\/www.cuscz.cz\/sluzby-servis\/pojisteni-odpovednosti-treneru.html\" target=\"_blank\" rel=\"noopener noreferrer\">Poji\u0161t\u011bn\u00ed odpov\u011bdnosti tren\u00e9r\u016f<\/a><br \/>\n<a href=\"https:\/\/svet-deti.cz\/po\/wp-content\/uploads\/sites\/6\/2020\/09\/CUS_lekarska_prohlidka.pdf\" target=\"_blank\" rel=\"noopener noreferrer\">L\u00e9ka\u0159sk\u00e1 prohl\u00eddka z hlediska odbornosti l\u00e9ka\u0159e<\/a><\/p>\n<p><strong>\u00darazov\u00e9 poji\u0161t\u011bn\u00ed \u010dlen\u016f TJ,SK<\/strong>&nbsp; &#8211; POJISTN\u00c9 UD\u00c1LOSTI (\u00daRAZY) VZNIKL\u00c9 OD 1. 2. 2019 VY\u0158IZUJE POJI\u0160\u0164OVNA VZP, a. s.<br \/>\nVypln\u011bn\u00ed formul\u00e1\u0159\u016f, nahl\u00e1\u0161en\u00ed \u0161kodn\u00ed ud\u00e1losti, pojistnou smlouvu a tabulku od\u0161kodn\u011bn\u00ed najdete na odkazu:<br \/>\n<a href=\"https:\/\/www.cuscz.cz\/sluzby-servis\/pojisteni\/urazove-pojisteni-clenu.html\" target=\"_blank\" rel=\"noopener noreferrer\">https:\/\/www.cuscz.cz\/sluzby-servis\/pojisteni\/urazove-pojisteni-clenu.html<\/a><\/p>\n","protected":false},"excerpt":{"rendered":"<p>\u010cesk\u00fd svaz plaveck\u00fdch sport\u016f \u010cesk\u00e1 unie sportu M\u011bsto Nov\u00e9 M\u011bsto n. M. Poji\u0161t\u011bn\u00ed odpov\u011bdnosti tren\u00e9r\u016f &#8211; informace z \u010cUS Poji\u0161t\u011bn\u00ed odpov\u011bdnosti tren\u00e9r\u016f L\u00e9ka\u0159sk\u00e1 prohl\u00eddka z hlediska odbornosti l\u00e9ka\u0159e \u00darazov\u00e9 poji\u0161t\u011bn\u00ed \u010dlen\u016f TJ,SK&nbsp; &#8211; POJISTN\u00c9 UD\u00c1LOSTI (\u00daRAZY) VZNIKL\u00c9 OD 1. 2. 2019 VY\u0158IZUJE POJI\u0160\u0164OVNA VZP, a. s. Vypln\u011bn\u00ed formul\u00e1\u0159\u016f, nahl\u00e1\u0161en\u00ed \u0161kodn\u00ed ud\u00e1losti, pojistnou smlouvu a tabulku<\/p>\n<p class=\"more-link\"><a href=\"https:\/\/svet-deti.cz\/po\/po-odkazy\/\" class=\"themebutton2\">Read More<\/a><\/p>\n","protected":false},"author":1,"featured_media":0,"parent":0,"menu_order":0,"comment_status":"closed","ping_status":"closed","template":"","meta":{"ngg_post_thumbnail":0,"footnotes":""},"categories":[],"tags":[],"class_list":["post-35","page","type-page","status-publish","hentry"],"_links":{"self":[{"href":"https:\/\/svet-deti.cz\/po\/wp-json\/wp\/v2\/pages\/35","targetHints":{"allow":["GET"]}}],"collection":[{"href":"https:\/\/svet-deti.cz\/po\/wp-json\/wp\/v2\/pages"}],"about":[{"href":"https:\/\/svet-deti.cz\/po\/wp-json\/wp\/v2\/types\/page"}],"author":[{"embeddable":true,"href":"https:\/\/svet-deti.cz\/po\/wp-json\/wp\/v2\/users\/1"}],"replies":[{"embeddable":true,"href":"https:\/\/svet-deti.cz\/po\/wp-json\/wp\/v2\/comments?post=35"}],"version-history":[{"count":8,"href":"https:\/\/svet-deti.cz\/po\/wp-json\/wp\/v2\/pages\/35\/revisions"}],"predecessor-version":[{"id":1268,"href":"https:\/\/svet-deti.cz\/po\/wp-json\/wp\/v2\/pages\/35\/revisions\/1268"}],"wp:attachment":[{"href":"https:\/\/svet-deti.cz\/po\/wp-json\/wp\/v2\/media?parent=35"}],"wp:term":[{"taxonomy":"category","embeddable":true,"href":"https:\/\/svet-deti.cz\/po\/wp-json\/wp\/v2\/categories?post=35"},{"taxonomy":"post_tag","embeddable":true,"href":"https:\/\/svet-deti.cz\/po\/wp-json\/wp\/v2\/tags?post=35"}],"curies":[{"name":"wp","href":"https:\/\/api.w.org\/{rel}","templated":true}]}}