{"id":37,"date":"2018-07-05T18:28:31","date_gmt":"2018-07-05T16:28:31","guid":{"rendered":"http:\/\/svet-deti.cz\/po\/?page_id=37"},"modified":"2019-01-06T10:20:28","modified_gmt":"2019-01-06T09:20:28","slug":"po-kontakt","status":"publish","type":"page","link":"https:\/\/svet-deti.cz\/po\/po-kontakt\/","title":{"rendered":"Plaveck\u00fd odd\u00edl &#8211; kontakt"},"content":{"rendered":"<img decoding=\"async\" class=\"icon iconimage\" src=\"https:\/\/svet-deti.cz\/po\/wp-content\/themes\/Renden_Pro\/images\/icons\/color\/Address-book.png\" alt=\"\">&nbsp;<span style=\"font-size: 14pt;\"> Plaveck\u00fd odd\u00edl Nov\u00e9 M\u011bsto n. M. , ul. 28. \u0159\u00edjna 415 , Nov\u00e9 M\u011bsto nad Metuj\u00ed , I\u010cO 04784855<br \/>\n<\/span><\/p>\n<img decoding=\"async\" class=\"icon iconimage\" src=\"https:\/\/svet-deti.cz\/po\/wp-content\/themes\/Renden_Pro\/images\/icons\/color\/Info.png\" alt=\"\">&nbsp; <span style=\"font-size: 14pt;\">Renata \u0160mejkalov\u00e1 +420 776 321 263 , <a href=\"mailto:renata.s@svet-deti.cz\">renata.s@svet-deti.cz<\/a><br \/>\n<\/span><\/p>\n<img decoding=\"async\" class=\"icon iconimage\" src=\"https:\/\/svet-deti.cz\/po\/wp-content\/themes\/Renden_Pro\/images\/icons\/color\/Info.png\" alt=\"\"> <span style=\"font-size: 14pt;\">Angelika Nov\u00e1kov\u00e1 +420 608 146 654 , <a href=\"mailto:angelika.n@svet-deti.cz\">angelika.n@svet-deti.cz<\/a><br \/>\n<\/span><\/p>\n<p><a href=\"https:\/\/www.google.cz\/maps\/place\/28.+%C5%99%C3%ADjna+415,+549+01+Nov%C3%A9+M%C4%9Bsto+nad+Metuj%C3%AD\/@50.3564742,16.138187,17z\/data=!3m1!4b1!4m5!3m4!1s0x470e7a92730455f9:0x399d7599ee49c0a5!8m2!3d50.3564742!4d16.1403757\" target=\"_blank\" rel=\"noopener\"><img loading=\"lazy\" decoding=\"async\" class=\"aligncenter wp-image-808 size-full\" src=\"https:\/\/svet-deti.cz\/po\/wp-content\/uploads\/sites\/6\/2018\/11\/PO_NM_800_400.png\" alt=\"\" width=\"800\" height=\"400\" srcset=\"https:\/\/svet-deti.cz\/po\/wp-content\/uploads\/sites\/6\/2018\/11\/PO_NM_800_400.png 800w, https:\/\/svet-deti.cz\/po\/wp-content\/uploads\/sites\/6\/2018\/11\/PO_NM_800_400-300x150.png 300w, https:\/\/svet-deti.cz\/po\/wp-content\/uploads\/sites\/6\/2018\/11\/PO_NM_800_400-768x384.png 768w, https:\/\/svet-deti.cz\/po\/wp-content\/uploads\/sites\/6\/2018\/11\/PO_NM_800_400-570x285.png 570w\" sizes=\"auto, (max-width: 800px) 100vw, 800px\" \/><\/a><span style=\"font-size: 14pt;\"><br \/>\n<\/span><\/p>\n<p>&nbsp;<\/p>\n","protected":false},"excerpt":{"rendered":"<p>&nbsp; Plaveck\u00fd odd\u00edl Nov\u00e9 M\u011bsto n. M. , ul. 28. \u0159\u00edjna 415 , Nov\u00e9 M\u011bsto nad Metuj\u00ed , I\u010cO 04784855 &nbsp; Renata \u0160mejkalov\u00e1 +420 776 321 263 , renata.s@svet-deti.cz Angelika Nov\u00e1kov\u00e1 +420 608 146 654 , angelika.n@svet-deti.cz &nbsp;<\/p>\n","protected":false},"author":1,"featured_media":0,"parent":0,"menu_order":0,"comment_status":"closed","ping_status":"closed","template":"","meta":{"ngg_post_thumbnail":0,"footnotes":""},"categories":[],"tags":[],"class_list":["post-37","page","type-page","status-publish","hentry"],"_links":{"self":[{"href":"https:\/\/svet-deti.cz\/po\/wp-json\/wp\/v2\/pages\/37","targetHints":{"allow":["GET"]}}],"collection":[{"href":"https:\/\/svet-deti.cz\/po\/wp-json\/wp\/v2\/pages"}],"about":[{"href":"https:\/\/svet-deti.cz\/po\/wp-json\/wp\/v2\/types\/page"}],"author":[{"embeddable":true,"href":"https:\/\/svet-deti.cz\/po\/wp-json\/wp\/v2\/users\/1"}],"replies":[{"embeddable":true,"href":"https:\/\/svet-deti.cz\/po\/wp-json\/wp\/v2\/comments?post=37"}],"version-history":[{"count":17,"href":"https:\/\/svet-deti.cz\/po\/wp-json\/wp\/v2\/pages\/37\/revisions"}],"predecessor-version":[{"id":862,"href":"https:\/\/svet-deti.cz\/po\/wp-json\/wp\/v2\/pages\/37\/revisions\/862"}],"wp:attachment":[{"href":"https:\/\/svet-deti.cz\/po\/wp-json\/wp\/v2\/media?parent=37"}],"wp:term":[{"taxonomy":"category","embeddable":true,"href":"https:\/\/svet-deti.cz\/po\/wp-json\/wp\/v2\/categories?post=37"},{"taxonomy":"post_tag","embeddable":true,"href":"https:\/\/svet-deti.cz\/po\/wp-json\/wp\/v2\/tags?post=37"}],"curies":[{"name":"wp","href":"https:\/\/api.w.org\/{rel}","templated":true}]}}