{"id":23,"date":"2018-09-25T20:17:24","date_gmt":"2018-09-25T18:17:24","guid":{"rendered":"http:\/\/svet-deti.cz\/ps\/?page_id=23"},"modified":"2019-01-06T10:25:31","modified_gmt":"2019-01-06T09:25:31","slug":"plavecka-skola","status":"publish","type":"page","link":"https:\/\/svet-deti.cz\/ps\/","title":{"rendered":"Plaveck\u00e1 \u0161kola"},"content":{"rendered":"<p>Hlavn\u00ed \u010dinnost\u00ed plaveck\u00e9 \u0161koly je organizace a realizace plaveck\u00e9 v\u00fduky pro d\u011bti z mate\u0159sk\u00fdch \u0161kol a pro \u017e\u00e1ky I.i II. stupn\u011b z\u00e1kladn\u00edch \u0161kol. C\u00edlem na\u0161\u00ed v\u00fduky je sezn\u00e1mit d\u011bti s vodn\u00edm prost\u0159ed\u00edm, umo\u017enit jim hrav\u00fdm zp\u016fsobem, p\u0159im\u011b\u0159en\u00fdm jejich v\u011bku, p\u0159irozen\u00fd a radostn\u00fd pohyb ve vod\u011b.<\/p>\n<p>P\u0159es zvl\u00e1dnut\u00ed z\u00e1kladn\u00edch plaveck\u00fdch dovednost\u00ed a prvkov\u00e9ho plav\u00e1n\u00ed je na\u0161\u00edm c\u00edlem&nbsp;nau\u010dit d\u00edt\u011b&nbsp;plavat a st\u00e1t se plavcem. V sou\u010dasn\u00e9 dob\u011b, kdy p\u0159ib\u00fdv\u00e1 dom\u00e1c\u00edch baz\u00e9n\u016f, klademe tak\u00e9 velik\u00fd d\u016fraz na sebez\u00e1chranu d\u00edt\u011bte.<\/p>\n<p>Plav\u00e1n\u00ed se vyvinulo jako existen\u010dn\u00ed podm\u00ednka \u017eivota a pat\u0159\u00ed k nejd\u016fle\u017eit\u011bj\u0161\u00edm dovednostem. P\u0159edpokl\u00e1dat, \u017ee se d\u00edt\u011b v dne\u0161n\u00ed dob\u011b nesetk\u00e1 s vodn\u00edm prost\u0159ed\u00edm, je vysoce nepravd\u011bpodobn\u00e9.<\/p>\n<p>N\u00e1mi nab\u00edzen\u00e1 plaveck\u00e1 v\u00fduka spl\u0148uje ve\u0161ker\u00e9 po\u017eadavky na kvalitn\u00ed a p\u0159\u00edjemnou v\u00fduku, pod veden\u00edm zku\u0161en\u00fdch a pro\u0161kolen\u00fdch instruktorek.<\/p>\n<p>Jednotliv\u00e9 mate\u0159sk\u00e9 \u0161koly a z\u00e1kladn\u00ed \u0161koly za\u0159azujeme do plaveck\u00e9ho \u0161koln\u00edho roku v\u017edy po vz\u00e1jemn\u00e9 dohod\u011b.<\/p>\n<p>P\u0159idejte se k n\u00e1m a v\u011b\u0159te, \u017ee va\u0161\u00ed d\u016fv\u011bru nezklameme.<\/p>\n<p><strong>Najdete n\u00e1s<br \/>\n<\/strong>Centrum Naj\u00e1da s.r.o. ,&nbsp; ul. 28. \u0159\u00edjna 415 ,&nbsp; Nov\u00e9 M\u011bsto nad Metuj\u00ed,&nbsp; I\u010cO: 275 304 34<strong><br \/>\n<\/strong><\/p>\n<p><a href=\"https:\/\/www.google.cz\/maps\/place\/28.+%C5%99%C3%ADjna+415,+549+01+Nov%C3%A9+M%C4%9Bsto+nad+Metuj%C3%AD\/@50.3564742,16.138187,17z\/data=!3m1!4b1!4m5!3m4!1s0x470e7a92730455f9:0x399d7599ee49c0a5!8m2!3d50.3564742!4d16.1403757\" target=\"_blank\" rel=\"noopener\"><img loading=\"lazy\" decoding=\"async\" class=\"aligncenter wp-image-70 size-full\" src=\"http:\/\/svet-deti.cz\/ps\/wp-content\/uploads\/sites\/7\/2018\/11\/DZ_NM_800_400.png\" alt=\"\" width=\"805\" height=\"400\" srcset=\"https:\/\/svet-deti.cz\/ps\/wp-content\/uploads\/sites\/7\/2018\/11\/DZ_NM_800_400.png 805w, https:\/\/svet-deti.cz\/ps\/wp-content\/uploads\/sites\/7\/2018\/11\/DZ_NM_800_400-300x149.png 300w, https:\/\/svet-deti.cz\/ps\/wp-content\/uploads\/sites\/7\/2018\/11\/DZ_NM_800_400-768x382.png 768w\" sizes=\"auto, (max-width: 805px) 100vw, 805px\" \/><\/a><\/p>\n","protected":false},"excerpt":{"rendered":"<p>Hlavn\u00ed \u010dinnost\u00ed plaveck\u00e9 \u0161koly je organizace a realizace plaveck\u00e9 v\u00fduky pro d\u011bti z mate\u0159sk\u00fdch \u0161kol a pro \u017e\u00e1ky I.i II. stupn\u011b z\u00e1kladn\u00edch \u0161kol. C\u00edlem na\u0161\u00ed v\u00fduky je sezn\u00e1mit d\u011bti s vodn\u00edm prost\u0159ed\u00edm, umo\u017enit jim hrav\u00fdm zp\u016fsobem, p\u0159im\u011b\u0159en\u00fdm jejich v\u011bku, p\u0159irozen\u00fd a radostn\u00fd pohyb ve vod\u011b. P\u0159es zvl\u00e1dnut\u00ed z\u00e1kladn\u00edch plaveck\u00fdch dovednost\u00ed a prvkov\u00e9ho plav\u00e1n\u00ed je na\u0161\u00edm<\/p>\n<p class=\"more-link\"><a href=\"https:\/\/svet-deti.cz\/ps\/\" class=\"themebutton2\">Read More<\/a><\/p>\n","protected":false},"author":1,"featured_media":0,"parent":0,"menu_order":0,"comment_status":"closed","ping_status":"closed","template":"","meta":{"ngg_post_thumbnail":0,"footnotes":""},"categories":[],"tags":[],"class_list":["post-23","page","type-page","status-publish","hentry"],"_links":{"self":[{"href":"https:\/\/svet-deti.cz\/ps\/wp-json\/wp\/v2\/pages\/23","targetHints":{"allow":["GET"]}}],"collection":[{"href":"https:\/\/svet-deti.cz\/ps\/wp-json\/wp\/v2\/pages"}],"about":[{"href":"https:\/\/svet-deti.cz\/ps\/wp-json\/wp\/v2\/types\/page"}],"author":[{"embeddable":true,"href":"https:\/\/svet-deti.cz\/ps\/wp-json\/wp\/v2\/users\/1"}],"replies":[{"embeddable":true,"href":"https:\/\/svet-deti.cz\/ps\/wp-json\/wp\/v2\/comments?post=23"}],"version-history":[{"count":12,"href":"https:\/\/svet-deti.cz\/ps\/wp-json\/wp\/v2\/pages\/23\/revisions"}],"predecessor-version":[{"id":91,"href":"https:\/\/svet-deti.cz\/ps\/wp-json\/wp\/v2\/pages\/23\/revisions\/91"}],"wp:attachment":[{"href":"https:\/\/svet-deti.cz\/ps\/wp-json\/wp\/v2\/media?parent=23"}],"wp:term":[{"taxonomy":"category","embeddable":true,"href":"https:\/\/svet-deti.cz\/ps\/wp-json\/wp\/v2\/categories?post=23"},{"taxonomy":"post_tag","embeddable":true,"href":"https:\/\/svet-deti.cz\/ps\/wp-json\/wp\/v2\/tags?post=23"}],"curies":[{"name":"wp","href":"https:\/\/api.w.org\/{rel}","templated":true}]}}