{"id":42,"date":"2018-09-28T10:34:25","date_gmt":"2018-09-28T08:34:25","guid":{"rendered":"http:\/\/svet-deti.cz\/ps\/?page_id=42"},"modified":"2024-04-18T20:11:05","modified_gmt":"2024-04-18T18:11:05","slug":"ps-nabidka","status":"publish","type":"page","link":"https:\/\/svet-deti.cz\/ps\/ps-nabidka\/","title":{"rendered":"Plaveck\u00e1 \u0161kola  &#8211; nab\u00eddka"},"content":{"rendered":"<p>Hlavn\u00ed \u010dinnost\u00ed plaveck\u00e9 \u0161koly je organizace a realizace p\u0159edplaveck\u00e9 v\u00fduky d\u011bt\u00ed z mate\u0159sk\u00fdch \u0161kol a plaveck\u00e9 v\u00fduky pro \u017e\u00e1ky z\u00e1kladn\u00edch a st\u0159edn\u00edch \u0161kol v r\u00e1mci povinn\u00e9 t\u011blesn\u00e9 v\u00fdchovy.<\/p>\n<p>Najdete n\u00e1s v Dom\u011b zdrav\u00ed, Nov\u00e9 M\u011bsto nad Metuj\u00ed, ul. 28. \u0159\u00edjna 415 , Centrum Naj\u00e1da s.r.o. , I\u010cO: 275 304 34<\/p>\n<p>Bli\u017e\u0161\u00ed informace poskytneme telefonicky nebo elektronickou po\u0161tou.<br \/>\nKontakt:<br \/>\nAngelika Nov\u00e1kov\u00e1 tel. 608 146 654<br \/>\nRenata \u0160mejkalov\u00e1 tel. 776 321 263<br \/>\nE-mail: <a href=\"mailto:najada@svet-deti.cz\">najada@svet-deti.cz<\/a><\/p>\n<h3><strong>Nab\u00eddka pro mate\u0159sk\u00e9, z\u00e1kladn\u00ed a st\u0159edn\u00ed \u0161koly, odborn\u00e1 u\u010dili\u0161t\u011b<\/strong><\/h3>\n<p>Fotografov\u00e1n\u00ed nad i pod vodou &#8211; v\u00edce informac\u00ed&nbsp; <a href=\"http:\/\/svet-deti.cz\/ps\/wp-content\/uploads\/sites\/7\/2018\/09\/nmplsfot.pdf\" target=\"_blank\" rel=\"noopener\">zde<\/a> .<\/p>\n<p><strong>Najdete n\u00e1s<br \/>\n<\/strong><a href=\"https:\/\/www.google.cz\/maps\/place\/28.+%C5%99%C3%ADjna+415,+549+01+Nov%C3%A9+M%C4%9Bsto+nad+Metuj%C3%AD\/@50.3564742,16.138187,17z\/data=!3m1!4b1!4m5!3m4!1s0x470e7a92730455f9:0x399d7599ee49c0a5!8m2!3d50.3564742!4d16.1403757\" target=\"_blank\" rel=\"noopener\"><img loading=\"lazy\" decoding=\"async\" class=\"aligncenter wp-image-70 size-full\" src=\"http:\/\/svet-deti.cz\/ps\/wp-content\/uploads\/sites\/7\/2018\/11\/DZ_NM_800_400.png\" alt=\"\" width=\"805\" height=\"400\" srcset=\"https:\/\/svet-deti.cz\/ps\/wp-content\/uploads\/sites\/7\/2018\/11\/DZ_NM_800_400.png 805w, https:\/\/svet-deti.cz\/ps\/wp-content\/uploads\/sites\/7\/2018\/11\/DZ_NM_800_400-300x149.png 300w, https:\/\/svet-deti.cz\/ps\/wp-content\/uploads\/sites\/7\/2018\/11\/DZ_NM_800_400-768x382.png 768w\" sizes=\"auto, (max-width: 805px) 100vw, 805px\" \/><\/a><\/p>\n","protected":false},"excerpt":{"rendered":"<p>Hlavn\u00ed \u010dinnost\u00ed plaveck\u00e9 \u0161koly je organizace a realizace p\u0159edplaveck\u00e9 v\u00fduky d\u011bt\u00ed z mate\u0159sk\u00fdch \u0161kol a plaveck\u00e9 v\u00fduky pro \u017e\u00e1ky z\u00e1kladn\u00edch a st\u0159edn\u00edch \u0161kol v r\u00e1mci povinn\u00e9 t\u011blesn\u00e9 v\u00fdchovy. Najdete n\u00e1s v Dom\u011b zdrav\u00ed, Nov\u00e9 M\u011bsto nad Metuj\u00ed, ul. 28. \u0159\u00edjna 415 , Centrum Naj\u00e1da s.r.o. , I\u010cO: 275 304 34 Bli\u017e\u0161\u00ed informace poskytneme telefonicky nebo<\/p>\n<p class=\"more-link\"><a href=\"https:\/\/svet-deti.cz\/ps\/ps-nabidka\/\" class=\"themebutton2\">Read More<\/a><\/p>\n","protected":false},"author":1,"featured_media":0,"parent":0,"menu_order":0,"comment_status":"closed","ping_status":"closed","template":"","meta":{"ngg_post_thumbnail":0,"footnotes":""},"categories":[],"tags":[],"class_list":["post-42","page","type-page","status-publish","hentry"],"_links":{"self":[{"href":"https:\/\/svet-deti.cz\/ps\/wp-json\/wp\/v2\/pages\/42","targetHints":{"allow":["GET"]}}],"collection":[{"href":"https:\/\/svet-deti.cz\/ps\/wp-json\/wp\/v2\/pages"}],"about":[{"href":"https:\/\/svet-deti.cz\/ps\/wp-json\/wp\/v2\/types\/page"}],"author":[{"embeddable":true,"href":"https:\/\/svet-deti.cz\/ps\/wp-json\/wp\/v2\/users\/1"}],"replies":[{"embeddable":true,"href":"https:\/\/svet-deti.cz\/ps\/wp-json\/wp\/v2\/comments?post=42"}],"version-history":[{"count":16,"href":"https:\/\/svet-deti.cz\/ps\/wp-json\/wp\/v2\/pages\/42\/revisions"}],"predecessor-version":[{"id":117,"href":"https:\/\/svet-deti.cz\/ps\/wp-json\/wp\/v2\/pages\/42\/revisions\/117"}],"wp:attachment":[{"href":"https:\/\/svet-deti.cz\/ps\/wp-json\/wp\/v2\/media?parent=42"}],"wp:term":[{"taxonomy":"category","embeddable":true,"href":"https:\/\/svet-deti.cz\/ps\/wp-json\/wp\/v2\/categories?post=42"},{"taxonomy":"post_tag","embeddable":true,"href":"https:\/\/svet-deti.cz\/ps\/wp-json\/wp\/v2\/tags?post=42"}],"curies":[{"name":"wp","href":"https:\/\/api.w.org\/{rel}","templated":true}]}}