{"id":12,"date":"2018-04-16T17:32:48","date_gmt":"2018-04-16T15:32:48","guid":{"rendered":"http:\/\/svet-deti.cz\/sd\/?page_id=12"},"modified":"2024-06-12T20:05:50","modified_gmt":"2024-06-12T18:05:50","slug":"sd-va","status":"publish","type":"page","link":"https:\/\/svet-deti.cz\/sd\/sd-plavani-deti\/sd-va\/","title":{"rendered":"Plav\u00e1n\u00ed d\u011bt\u00ed &#8211; Vamberk"},"content":{"rendered":"<p>Pohybov\u00e1 aktivita, hry, h\u0159\u00ed\u010dky, n\u00e1cvik z\u00e1kladn\u00edch plaveck\u00fdch dovednost\u00ed prob\u00edh\u00e1 pro d\u011bti s rodi\u010di tak\u00e9 v tak\u0159ka rodinn\u00e9m, ni\u010d\u00edm neru\u0161en\u00e9m prost\u0159ed\u00ed mate\u0159sk\u00e9 \u0161kolky ve Vamberku. M\u016f\u017eete se na n\u00e1s p\u0159ij\u00edt pod\u00edvat ve \u010dtvrtek i v p\u00e1tek dopoledne.<\/p>\n<p style=\"text-align: left;\"><strong><span style=\"color: #cc0000;\">Kurzy plav\u00e1n\u00ed d\u011bt\u00ed prob\u00edhaj\u00ed ka\u017ed\u00fd \u010dtvrtek a p\u00e1tek.<\/span><\/strong><\/p>\n<p>Bli\u017e\u0161\u00ed informace poskytneme telefonicky nebo elektronickou po\u0161tou.<br \/>\nKontakt:<br \/>\nAngelika Nov\u00e1kov\u00e1, I\u010cO 72850817, tel. 608 146 654 , <a href=\"mailto:angelika.n@svet-deti.cz\">angelika.n@svet-deti.cz<\/a><br \/>\nRenata \u0160mejkalov\u00e1, I\u010cO 72850906, tel. 776 321 263 , <a href=\"mailto:renata.s@svet-deti.cz\">renata.s@svet-deti.cz<\/a><br \/>\n<strong><br \/>\nOnline p\u0159ihl\u00e1\u0161ka do kurzu plav\u00e1n\u00ed <a href=\"http:\/\/svet-deti.cz\/sd\/sd-prihlaska-do-kurzu\/\">zde<\/a> .<br \/>\n<\/strong><\/p>\n<p><strong>1 kurz (10 lekc\u00ed) : 2500 K\u010d<\/strong><\/p>\n<p><strong>Pokyny ke sta\u017een\u00ed:<\/strong><\/p>\n<h3><strong><a href=\"http:\/\/svet-deti.cz\/sd\/wp-content\/uploads\/sites\/8\/2023\/09\/NavstRadVamberk.pdf\" target=\"_blank\" rel=\"noopener\"> N\u00e1v\u0161t\u011bvn\u00ed \u0159\u00e1d \u201ePlav\u00e1n\u00ed kojenc\u016f, batolat a d\u011bt\u00ed p\u0159ed\u0161koln\u00edho v\u011bku<\/a><\/strong><\/h3>\n<h3><strong><a href=\"http:\/\/svet-deti.cz\/sd\/wp-content\/uploads\/sites\/8\/2024\/06\/PodminkyKurzPlav24.pdf\" target=\"_blank\" rel=\"noopener\">Podm\u00ednky \u00fahrady kurzovn\u00e9ho a omlouv\u00e1n\u00ed zame\u0161kan\u00fdch hodin<\/a><\/strong><\/h3>\n<p><a href=\"https:\/\/www.google.cz\/maps\/place\/Tyr%C5%A1ova+280,+517+54+Vamberk\/@50.1138297,16.2870145,17z\/data=!3m1!4b1!4m5!3m4!1s0x470de0b4bddadb45:0xe4d306b264464818!8m2!3d50.1138297!4d16.2892032\" target=\"_blank\" rel=\"noopener noreferrer\"><img loading=\"lazy\" decoding=\"async\" class=\"aligncenter wp-image-358 size-full\" src=\"http:\/\/svet-deti.cz\/sd\/wp-content\/uploads\/sites\/8\/2018\/11\/VA_800_400.png\" alt=\"Plav\u00e1n\u00ed Vamberk\" width=\"800\" height=\"400\" srcset=\"https:\/\/svet-deti.cz\/sd\/wp-content\/uploads\/sites\/8\/2018\/11\/VA_800_400.png 800w, https:\/\/svet-deti.cz\/sd\/wp-content\/uploads\/sites\/8\/2018\/11\/VA_800_400-300x150.png 300w, https:\/\/svet-deti.cz\/sd\/wp-content\/uploads\/sites\/8\/2018\/11\/VA_800_400-768x384.png 768w, https:\/\/svet-deti.cz\/sd\/wp-content\/uploads\/sites\/8\/2018\/11\/VA_800_400-570x285.png 570w\" sizes=\"auto, (max-width: 800px) 100vw, 800px\" \/><\/a><\/p>\n<p>&nbsp;<\/p>\n","protected":false},"excerpt":{"rendered":"<p>Pohybov\u00e1 aktivita, hry, h\u0159\u00ed\u010dky, n\u00e1cvik z\u00e1kladn\u00edch plaveck\u00fdch dovednost\u00ed prob\u00edh\u00e1 pro d\u011bti s rodi\u010di tak\u00e9 v tak\u0159ka rodinn\u00e9m, ni\u010d\u00edm neru\u0161en\u00e9m prost\u0159ed\u00ed mate\u0159sk\u00e9 \u0161kolky ve Vamberku. M\u016f\u017eete se na n\u00e1s p\u0159ij\u00edt pod\u00edvat ve \u010dtvrtek i v p\u00e1tek dopoledne. Kurzy plav\u00e1n\u00ed d\u011bt\u00ed prob\u00edhaj\u00ed ka\u017ed\u00fd \u010dtvrtek a p\u00e1tek. Bli\u017e\u0161\u00ed informace poskytneme telefonicky nebo elektronickou po\u0161tou. Kontakt: Angelika Nov\u00e1kov\u00e1, I\u010cO<\/p>\n<p class=\"more-link\"><a href=\"https:\/\/svet-deti.cz\/sd\/sd-plavani-deti\/sd-va\/\" class=\"themebutton2\">Read More<\/a><\/p>\n","protected":false},"author":1,"featured_media":0,"parent":5,"menu_order":3,"comment_status":"closed","ping_status":"closed","template":"","meta":{"ngg_post_thumbnail":0,"footnotes":""},"categories":[],"tags":[],"class_list":["post-12","page","type-page","status-publish","hentry"],"_links":{"self":[{"href":"https:\/\/svet-deti.cz\/sd\/wp-json\/wp\/v2\/pages\/12","targetHints":{"allow":["GET"]}}],"collection":[{"href":"https:\/\/svet-deti.cz\/sd\/wp-json\/wp\/v2\/pages"}],"about":[{"href":"https:\/\/svet-deti.cz\/sd\/wp-json\/wp\/v2\/types\/page"}],"author":[{"embeddable":true,"href":"https:\/\/svet-deti.cz\/sd\/wp-json\/wp\/v2\/users\/1"}],"replies":[{"embeddable":true,"href":"https:\/\/svet-deti.cz\/sd\/wp-json\/wp\/v2\/comments?post=12"}],"version-history":[{"count":48,"href":"https:\/\/svet-deti.cz\/sd\/wp-json\/wp\/v2\/pages\/12\/revisions"}],"predecessor-version":[{"id":3456,"href":"https:\/\/svet-deti.cz\/sd\/wp-json\/wp\/v2\/pages\/12\/revisions\/3456"}],"up":[{"embeddable":true,"href":"https:\/\/svet-deti.cz\/sd\/wp-json\/wp\/v2\/pages\/5"}],"wp:attachment":[{"href":"https:\/\/svet-deti.cz\/sd\/wp-json\/wp\/v2\/media?parent=12"}],"wp:term":[{"taxonomy":"category","embeddable":true,"href":"https:\/\/svet-deti.cz\/sd\/wp-json\/wp\/v2\/categories?post=12"},{"taxonomy":"post_tag","embeddable":true,"href":"https:\/\/svet-deti.cz\/sd\/wp-json\/wp\/v2\/tags?post=12"}],"curies":[{"name":"wp","href":"https:\/\/api.w.org\/{rel}","templated":true}]}}