{"id":198,"date":"2018-09-27T19:39:20","date_gmt":"2018-09-27T17:39:20","guid":{"rendered":"http:\/\/svet-deti.cz\/sd\/?page_id=198"},"modified":"2018-11-25T09:30:55","modified_gmt":"2018-11-25T08:30:55","slug":"sd-prihlaska-do-kurzu","status":"publish","type":"page","link":"https:\/\/svet-deti.cz\/sd\/sd-prihlaska-do-kurzu\/","title":{"rendered":"Sv\u011bt d\u011bt\u00ed &#8211; P\u0159ihl\u00e1\u0161ka do kurzu plav\u00e1n\u00ed"},"content":{"rendered":"<p style=\"text-align: center;\"><img loading=\"lazy\" decoding=\"async\" class=\"size-medium wp-image-214 alignright\" src=\"http:\/\/svet-deti.cz\/sd\/wp-content\/uploads\/sites\/8\/2018\/09\/sdprihl-300x200.jpg\" alt=\"SD P\u0159ihl\u00e1\u0161ka do kurzu\" width=\"300\" height=\"200\" srcset=\"https:\/\/svet-deti.cz\/sd\/wp-content\/uploads\/sites\/8\/2018\/09\/sdprihl.jpg 300w, https:\/\/svet-deti.cz\/sd\/wp-content\/uploads\/sites\/8\/2018\/09\/sdprihl-285x190.jpg 285w\" sizes=\"auto, (max-width: 300px) 100vw, 300px\" \/><\/p>\n<p>&nbsp;<\/p>\n<p>&nbsp;<\/p>\n<p style=\"text-align: center;\"><strong><span style=\"font-size: 24pt;\">P\u0159ihl\u00e1\u0161ka do kurzu plav\u00e1n\u00ed<\/span><\/strong><\/p>\n<p>&nbsp;<\/p>\n\n<div class=\"wpcf7 no-js\" id=\"wpcf7-f197-o1\" lang=\"cs-CZ\" dir=\"ltr\" data-wpcf7-id=\"197\">\n<div class=\"screen-reader-response\"><p role=\"status\" aria-live=\"polite\" aria-atomic=\"true\"><\/p> <ul><\/ul><\/div>\n<form action=\"\/sd\/wp-json\/wp\/v2\/pages\/198#wpcf7-f197-o1\" method=\"post\" class=\"wpcf7-form init\" aria-label=\"Kontaktn\u00ed formul\u00e1\u0159\" novalidate=\"novalidate\" data-status=\"init\">\n<fieldset class=\"hidden-fields-container\"><input type=\"hidden\" name=\"_wpcf7\" value=\"197\" \/><input type=\"hidden\" name=\"_wpcf7_version\" value=\"6.1.5\" \/><input type=\"hidden\" name=\"_wpcf7_locale\" value=\"cs_CZ\" \/><input type=\"hidden\" name=\"_wpcf7_unit_tag\" value=\"wpcf7-f197-o1\" \/><input type=\"hidden\" name=\"_wpcf7_container_post\" value=\"0\" \/><input type=\"hidden\" name=\"_wpcf7_posted_data_hash\" value=\"\" \/>\n<\/fieldset>\n<p><label> Jm\u00e9no d\u00edt\u011bte (vy\u017eadov\u00e1no)<br \/>\n<span class=\"wpcf7-form-control-wrap\" data-name=\"JmenoDite\"><input size=\"40\" maxlength=\"400\" class=\"wpcf7-form-control wpcf7-text wpcf7-validates-as-required\" aria-required=\"true\" aria-invalid=\"false\" value=\"\" type=\"text\" name=\"JmenoDite\" \/><\/span> <\/label>\n<\/p>\n<p><label> P\u0159\u00edjmen\u00ed d\u00edt\u011bte (vy\u017eadov\u00e1no)<br \/>\n<span class=\"wpcf7-form-control-wrap\" data-name=\"PrijmeniDite\"><input size=\"40\" maxlength=\"400\" class=\"wpcf7-form-control wpcf7-text wpcf7-validates-as-required\" aria-required=\"true\" aria-invalid=\"false\" placeholder=\"\" value=\"\" type=\"text\" name=\"PrijmeniDite\" \/><\/span> <\/label>\n<\/p>\n<p><label> Datum narozen\u00ed (vy\u017eadov\u00e1no)<br \/>\n<span class=\"wpcf7-form-control-wrap\" data-name=\"DatumNarozeni\"><input size=\"40\" maxlength=\"400\" class=\"wpcf7-form-control wpcf7-text wpcf7-validates-as-required\" aria-required=\"true\" aria-invalid=\"false\" placeholder=\"\" value=\"\" type=\"text\" name=\"DatumNarozeni\" \/><\/span><\/label>\n<\/p>\n<p><label> Pohlav\u00ed d\u00edt\u011bte: <\/label><br \/>\n<span class=\"wpcf7-form-control-wrap\" data-name=\"Pohlavi\"><span class=\"wpcf7-form-control wpcf7-radio\"><span class=\"wpcf7-list-item first\"><label><span class=\"wpcf7-list-item-label\">Mu\u017esk\u00e9<\/span><input type=\"radio\" name=\"Pohlavi\" value=\"Mu\u017esk\u00e9\" \/><\/label><\/span><span class=\"wpcf7-list-item last\"><label><span class=\"wpcf7-list-item-label\">\u017densk\u00e9<\/span><input type=\"radio\" name=\"Pohlavi\" value=\"\u017densk\u00e9\" \/><\/label><\/span><\/span><\/span>\n<\/p>\n<p><label> Adresa trval\u00e9ho bydli\u0161t\u011b d\u00edt\u011bte (vy\u017eadov\u00e1no)<br \/>\n<span class=\"wpcf7-form-control-wrap\" data-name=\"AdresaTrvBydlDite\"><input size=\"40\" maxlength=\"400\" class=\"wpcf7-form-control wpcf7-text wpcf7-validates-as-required\" aria-required=\"true\" aria-invalid=\"false\" value=\"\" type=\"text\" name=\"AdresaTrvBydlDite\" \/><\/span> <\/label>\n<\/p>\n<p><label> Dosavadn\u00ed zku\u0161enost: <\/label><br \/>\n<span class=\"wpcf7-form-control-wrap\" data-name=\"DosavZkusenost\"><span class=\"wpcf7-form-control wpcf7-radio\"><span class=\"wpcf7-list-item first\"><label><span class=\"wpcf7-list-item-label\">bez zku\u0161enost\u00ed<\/span><input type=\"radio\" name=\"DosavZkusenost\" value=\"bez zku\u0161enost\u00ed\" checked=\"checked\" \/><\/label><\/span><span class=\"wpcf7-list-item\"><label><span class=\"wpcf7-list-item-label\">kojeneck\u00e9 plav\u00e1n\u00ed ve van\u011b<\/span><input type=\"radio\" name=\"DosavZkusenost\" value=\"kojeneck\u00e9 plav\u00e1n\u00ed ve van\u011b\" \/><\/label><\/span><span class=\"wpcf7-list-item\"><label><span class=\"wpcf7-list-item-label\">kojeneck\u00e9 plav\u00e1n\u00ed v baz\u00e9nu<\/span><input type=\"radio\" name=\"DosavZkusenost\" value=\"kojeneck\u00e9 plav\u00e1n\u00ed v baz\u00e9nu\" \/><\/label><\/span><span class=\"wpcf7-list-item last\"><label><span class=\"wpcf7-list-item-label\">jin\u00e1 zku\u0161enost (nap\u0159. plav\u00e1n\u00ed se star\u0161\u00edm sourozencem v roce 2018)<\/span><input type=\"radio\" name=\"DosavZkusenost\" value=\"jin\u00e1 zku\u0161enost (nap\u0159. plav\u00e1n\u00ed se star\u0161\u00edm sourozencem v roce 2018)\" \/><\/label><\/span><\/span><\/span>\n<\/p>\n<p><label> Pozn\u00e1mka<br \/>\n<span class=\"wpcf7-form-control-wrap\" data-name=\"Poznamka\"><input size=\"40\" maxlength=\"400\" class=\"wpcf7-form-control wpcf7-text\" aria-invalid=\"false\" placeholder=\"\" value=\"\" type=\"text\" name=\"Poznamka\" \/><\/span> <\/label>\n<\/p>\n<p><label> M\u00e1m z\u00e1jem o plav\u00e1n\u00ed v lokalit\u011b: <\/label><br \/>\n<span class=\"wpcf7-form-control-wrap\" data-name=\"Lokalita\"><span class=\"wpcf7-form-control wpcf7-radio\"><span class=\"wpcf7-list-item first\"><label><span class=\"wpcf7-list-item-label\">D\u016fm zdrav\u00ed Nov\u00e9 M\u011bsto n.M.<\/span><input type=\"radio\" name=\"Lokalita\" value=\"D\u016fm zdrav\u00ed Nov\u00e9 M\u011bsto n.M.\" checked=\"checked\" \/><\/label><\/span><span class=\"wpcf7-list-item last\"><label><span class=\"wpcf7-list-item-label\">Vamberk<\/span><input type=\"radio\" name=\"Lokalita\" value=\"Vamberk\" \/><\/label><\/span><\/span><\/span>\n<\/p>\n<p><label> Jm\u00e9no matky (vy\u017eadov\u00e1no)<br \/>\n<span class=\"wpcf7-form-control-wrap\" data-name=\"JmenoZakZast\"><input size=\"40\" maxlength=\"400\" class=\"wpcf7-form-control wpcf7-text wpcf7-validates-as-required\" aria-required=\"true\" aria-invalid=\"false\" value=\"\" type=\"text\" name=\"JmenoZakZast\" \/><\/span> <\/label>\n<\/p>\n<p><label> P\u0159\u00edjmen\u00ed matky (vy\u017eadov\u00e1no)<br \/>\n<span class=\"wpcf7-form-control-wrap\" data-name=\"PrijmeniZakZast\"><input size=\"40\" maxlength=\"400\" class=\"wpcf7-form-control wpcf7-text wpcf7-validates-as-required\" aria-required=\"true\" aria-invalid=\"false\" value=\"\" type=\"text\" name=\"PrijmeniZakZast\" \/><\/span> <\/label>\n<\/p>\n<p><label> Telefon (vy\u017eadov\u00e1no)<br \/>\n<span class=\"wpcf7-form-control-wrap\" data-name=\"TelefonZakZast\"><input size=\"40\" maxlength=\"400\" class=\"wpcf7-form-control wpcf7-tel wpcf7-validates-as-required wpcf7-text wpcf7-validates-as-tel\" aria-required=\"true\" aria-invalid=\"false\" placeholder=\"\" value=\"\" type=\"tel\" name=\"TelefonZakZast\" \/><\/span> <\/label>\n<\/p>\n<p><label> E-mail (vy\u017eadov\u00e1no)<br \/>\n<span class=\"wpcf7-form-control-wrap\" data-name=\"EmailZakZast\"><input size=\"40\" maxlength=\"400\" class=\"wpcf7-form-control wpcf7-email wpcf7-validates-as-required wpcf7-text wpcf7-validates-as-email\" aria-required=\"true\" aria-invalid=\"false\" value=\"\" type=\"email\" name=\"EmailZakZast\" \/><\/span> <\/label>\n<\/p>\n<p><label> Va\u0161e zpr\u00e1va - napi\u0161te n\u00e1m:<br \/>\n<span class=\"wpcf7-form-control-wrap\" data-name=\"Zprava\"><textarea cols=\"40\" rows=\"10\" maxlength=\"2000\" class=\"wpcf7-form-control wpcf7-textarea\" aria-invalid=\"false\" name=\"Zprava\"><\/textarea><\/span> <\/label>\n<\/p>\n<p><label>S osobn\u00edmi \u00fadaji vypln\u011bn\u00fdmi v tomto formul\u00e1\u0159i bude nakl\u00e1d\u00e1no dle na\u0159\u00edzen\u00ed Evropsk\u00e9ho parlamentu a Rady (EU) \u010d\u00edslo 2016\/679 ze dne 27. 4. 2016 - GDPR. Odesl\u00e1n\u00edm formul\u00e1\u0159e vyjad\u0159ujete souhlas s jejich zpracov\u00e1n\u00ed dle tohoto na\u0159\u00edzen\u00ed. Uhrazen\u00edm kurzovn\u00e9ho \u00fa\u010dastn\u00edk kurzu (odpov\u011bdn\u00fd z\u00e1stupce) souhlas\u00ed s podm\u00ednkami kurzu plav\u00e1n\u00ed v\u010detn\u011b storno podm\u00ednek, podm\u00ednkami provozn\u00edho \u0159\u00e1du a zavazuje se k jejich dodr\u017eov\u00e1n\u00ed.<\/label><label><br \/>\n<span class=\"wpcf7-form-control-wrap\" data-name=\"Accept-Souhlas\"><span class=\"wpcf7-form-control wpcf7-acceptance\"><span class=\"wpcf7-list-item\"><label><input type=\"checkbox\" name=\"Accept-Souhlas\" value=\"1\" aria-invalid=\"false\" \/><span class=\"wpcf7-list-item-label\">Potvr\u010fte souhlas za\u0161krtnut\u00edm.<\/span><\/label><\/span><\/span><\/span><br \/>\n<\/label><label> Po odesl\u00e1n\u00ed formul\u00e1\u0159e V\u00e1s budeme telefonicky kontaktovat s nab\u00eddkou voln\u00fdch term\u00edn\u016f.<\/label>\n<\/p>\n<p><input class=\"wpcf7-form-control wpcf7-submit has-spinner\" type=\"submit\" value=\"Odeslat\" \/>\n<\/p><div class=\"wpcf7-response-output\" aria-hidden=\"true\"><\/div>\n<\/form>\n<\/div>\n\n<p>&nbsp;<\/p>\n","protected":false},"excerpt":{"rendered":"<p>&nbsp; &nbsp; P\u0159ihl\u00e1\u0161ka do kurzu plav\u00e1n\u00ed &nbsp; &nbsp;<\/p>\n","protected":false},"author":1,"featured_media":0,"parent":0,"menu_order":0,"comment_status":"closed","ping_status":"closed","template":"","meta":{"ngg_post_thumbnail":0,"footnotes":""},"categories":[],"tags":[],"class_list":["post-198","page","type-page","status-publish","hentry"],"_links":{"self":[{"href":"https:\/\/svet-deti.cz\/sd\/wp-json\/wp\/v2\/pages\/198","targetHints":{"allow":["GET"]}}],"collection":[{"href":"https:\/\/svet-deti.cz\/sd\/wp-json\/wp\/v2\/pages"}],"about":[{"href":"https:\/\/svet-deti.cz\/sd\/wp-json\/wp\/v2\/types\/page"}],"author":[{"embeddable":true,"href":"https:\/\/svet-deti.cz\/sd\/wp-json\/wp\/v2\/users\/1"}],"replies":[{"embeddable":true,"href":"https:\/\/svet-deti.cz\/sd\/wp-json\/wp\/v2\/comments?post=198"}],"version-history":[{"count":9,"href":"https:\/\/svet-deti.cz\/sd\/wp-json\/wp\/v2\/pages\/198\/revisions"}],"predecessor-version":[{"id":376,"href":"https:\/\/svet-deti.cz\/sd\/wp-json\/wp\/v2\/pages\/198\/revisions\/376"}],"wp:attachment":[{"href":"https:\/\/svet-deti.cz\/sd\/wp-json\/wp\/v2\/media?parent=198"}],"wp:term":[{"taxonomy":"category","embeddable":true,"href":"https:\/\/svet-deti.cz\/sd\/wp-json\/wp\/v2\/categories?post=198"},{"taxonomy":"post_tag","embeddable":true,"href":"https:\/\/svet-deti.cz\/sd\/wp-json\/wp\/v2\/tags?post=198"}],"curies":[{"name":"wp","href":"https:\/\/api.w.org\/{rel}","templated":true}]}}