{"id":296,"date":"2018-11-04T10:10:06","date_gmt":"2018-11-04T09:10:06","guid":{"rendered":"http:\/\/svet-deti.cz\/sd\/?page_id=296"},"modified":"2018-11-04T11:01:34","modified_gmt":"2018-11-04T10:01:34","slug":"svet-deti-odhlaseni-zasilani-e-mailu","status":"publish","type":"page","link":"https:\/\/svet-deti.cz\/sd\/svet-deti-odhlaseni-zasilani-e-mailu\/","title":{"rendered":"Sv\u011bt d\u011bt\u00ed &#8211; odhl\u00e1\u0161en\u00ed zas\u00edl\u00e1n\u00ed e-mail\u016f"},"content":{"rendered":"<p><span style=\"font-size: 14pt;\"><strong>Odhl\u00e1\u0161en\u00ed zas\u00edl\u00e1n\u00ed e-mail\u016f &#8211; Svet-deti.cz a Svet-deti.webooker.eu<br \/>\n<\/strong><\/span><\/p>\n\n<div class=\"wpcf7 no-js\" id=\"wpcf7-f295-o1\" lang=\"cs-CZ\" dir=\"ltr\" data-wpcf7-id=\"295\">\n<div class=\"screen-reader-response\"><p role=\"status\" aria-live=\"polite\" aria-atomic=\"true\"><\/p> <ul><\/ul><\/div>\n<form action=\"\/sd\/wp-json\/wp\/v2\/pages\/296#wpcf7-f295-o1\" method=\"post\" class=\"wpcf7-form init\" aria-label=\"Kontaktn\u00ed formul\u00e1\u0159\" novalidate=\"novalidate\" data-status=\"init\">\n<fieldset class=\"hidden-fields-container\"><input type=\"hidden\" name=\"_wpcf7\" value=\"295\" \/><input type=\"hidden\" name=\"_wpcf7_version\" value=\"6.1.5\" \/><input type=\"hidden\" name=\"_wpcf7_locale\" value=\"cs_CZ\" \/><input type=\"hidden\" name=\"_wpcf7_unit_tag\" value=\"wpcf7-f295-o1\" \/><input type=\"hidden\" name=\"_wpcf7_container_post\" value=\"0\" \/><input type=\"hidden\" name=\"_wpcf7_posted_data_hash\" value=\"\" \/>\n<\/fieldset>\n<p><label> Pro odhl\u00e1\u0161en\u00ed zas\u00edl\u00e1n\u00ed e-mail\u016f, vypl\u0148te pros\u00edm svoji emailovou adresu a stiskn\u011bte tla\u010d\u00edtko ODESLAT. <\/label><br \/>\n<label>\u00a0<\/label><br \/>\n<label> E-mail (vy\u017eadov\u00e1no)<br \/>\n<span class=\"wpcf7-form-control-wrap\" data-name=\"EmailOdhlaseni\"><input size=\"40\" maxlength=\"400\" class=\"wpcf7-form-control wpcf7-email wpcf7-validates-as-required wpcf7-text wpcf7-validates-as-email\" aria-required=\"true\" aria-invalid=\"false\" value=\"\" type=\"email\" name=\"EmailOdhlaseni\" \/><\/span> <\/label><br \/>\n<label> <\/label><br \/>\n<input class=\"wpcf7-form-control wpcf7-submit has-spinner\" type=\"submit\" value=\"Odeslat\" \/>\n<\/p><div class=\"wpcf7-response-output\" aria-hidden=\"true\"><\/div>\n<\/form>\n<\/div>\n\n","protected":false},"excerpt":{"rendered":"<p>Odhl\u00e1\u0161en\u00ed zas\u00edl\u00e1n\u00ed e-mail\u016f &#8211; Svet-deti.cz a Svet-deti.webooker.eu<\/p>\n","protected":false},"author":1,"featured_media":0,"parent":0,"menu_order":0,"comment_status":"closed","ping_status":"closed","template":"","meta":{"ngg_post_thumbnail":0,"footnotes":""},"categories":[],"tags":[],"class_list":["post-296","page","type-page","status-publish","hentry"],"_links":{"self":[{"href":"https:\/\/svet-deti.cz\/sd\/wp-json\/wp\/v2\/pages\/296","targetHints":{"allow":["GET"]}}],"collection":[{"href":"https:\/\/svet-deti.cz\/sd\/wp-json\/wp\/v2\/pages"}],"about":[{"href":"https:\/\/svet-deti.cz\/sd\/wp-json\/wp\/v2\/types\/page"}],"author":[{"embeddable":true,"href":"https:\/\/svet-deti.cz\/sd\/wp-json\/wp\/v2\/users\/1"}],"replies":[{"embeddable":true,"href":"https:\/\/svet-deti.cz\/sd\/wp-json\/wp\/v2\/comments?post=296"}],"version-history":[{"count":5,"href":"https:\/\/svet-deti.cz\/sd\/wp-json\/wp\/v2\/pages\/296\/revisions"}],"predecessor-version":[{"id":304,"href":"https:\/\/svet-deti.cz\/sd\/wp-json\/wp\/v2\/pages\/296\/revisions\/304"}],"wp:attachment":[{"href":"https:\/\/svet-deti.cz\/sd\/wp-json\/wp\/v2\/media?parent=296"}],"wp:term":[{"taxonomy":"category","embeddable":true,"href":"https:\/\/svet-deti.cz\/sd\/wp-json\/wp\/v2\/categories?post=296"},{"taxonomy":"post_tag","embeddable":true,"href":"https:\/\/svet-deti.cz\/sd\/wp-json\/wp\/v2\/tags?post=296"}],"curies":[{"name":"wp","href":"https:\/\/api.w.org\/{rel}","templated":true}]}}