{"id":5,"date":"2018-04-16T17:27:32","date_gmt":"2018-04-16T15:27:32","guid":{"rendered":"http:\/\/svet-deti.cz\/sd\/?page_id=5"},"modified":"2021-08-16T15:23:45","modified_gmt":"2021-08-16T13:23:45","slug":"sd-plavani-deti","status":"publish","type":"page","link":"https:\/\/svet-deti.cz\/sd\/","title":{"rendered":"Sv\u011bt d\u011bt\u00ed &#8211; Plav\u00e1n\u00ed d\u011bt\u00ed"},"content":{"rendered":"<p style=\"text-align: center;\"><span style=\"font-size: 24pt;\">Nab\u00edz\u00edme plav\u00e1n\u00ed d\u011bt\u00ed<\/span><\/p>\n<p>Sv\u011bt d\u011bt\u00ed je zam\u011b\u0159en na plav\u00e1n\u00ed kojenc\u016f, batolat a d\u011bt\u00ed p\u0159ed\u0161koln\u00edho v\u011bku. C\u00edlem &#8222;plav\u00e1n\u00ed &#8220; d\u011bt\u00ed je p\u0159edev\u0161\u00edm s\u017e\u00edt se s vodn\u00edm prost\u0159ed\u00edm, nau\u010dit se pozn\u00e1vat p\u016fsoben\u00ed vody, vydechovat do vody, orientovat se nad i pod vodou, nau\u010dit se sk\u00e1kat do vody a s radost\u00ed se pot\u00e1p\u011bt. Po t\u00e9 se d\u011bti u\u010d\u00ed z\u00e1kladn\u00ed plaveck\u00e9 dovednosti, zdokonaluj\u00ed se v plaveck\u00fdch pohybech a na konec v plaveck\u00fdch stylech. V\u00fduka prob\u00edh\u00e1 hravou a nen\u00e1silnou formou a jde v\u017edy ruku v ruce s psychomotorick\u00fdm v\u00fdvojem d\u00edt\u011bte. D\u011bti jsou na plav\u00e1n\u00ed rozd\u011bleny do skupinek podle v\u011bku, pokro\u010dilosti v plav\u00e1n\u00ed a psychomotorick\u00e9 vysp\u011blosti. Plav\u00e1n\u00edm,cvi\u010den\u00edm, otu\u017eov\u00e1n\u00edm vedeme d\u011bti od nej\u00fatlej\u0161\u00edho v\u011bku ke zdrav\u00e9mu \u017eivotn\u00edmu stylu.<\/p>\n<p>P\u0159ij\u010fte se mezi n\u00e1s pod\u00edvat a uvid\u00edte, \u017ee radostn\u00fd \u00fasm\u011bv a \u0161ikovnost va\u0161ich mal\u00fdch plav\u00e1\u010dk\u016f z v\u00e1s ud\u011bl\u00e1 je\u0161t\u011b spokojen\u011bj\u0161\u00ed rodi\u010de.<\/p>\n<p>Kurzy plav\u00e1n\u00ed prob\u00edhaj\u00ed cel\u00fd \u0161koln\u00ed rok od z\u00e1\u0159\u00ed do \u010dervna. 1 plaveck\u00fd kurz trv\u00e1 10 t\u00fddn\u016f a za \u0161koln\u00ed rok odplaveme 4 plaveck\u00e9 kurzy.<br \/>\nD\u011bti do kurzu za\u0159azujeme pr\u016fb\u011b\u017en\u011b po cel\u00fd rok.<\/p>\n<p>Sv\u011bt d\u011bt\u00ed tak\u00e9 nab\u00edz\u00ed kurzy plav\u00e1n\u00ed pro dosp\u011bl\u00e9 plavce i neplavce. Bli\u017e\u0161\u00ed info na tel. \u010d\u00edslech 608 146 654 nebo 776 321 263 .<\/p>\n<p>Angelika Nov\u00e1kov\u00e1, I\u010cO 72850817, tel. 608 146 654 , <a href=\"mailto:angelika.n@svet-deti.cz\">angelika.n@svet-deti.cz<\/a><br \/>\nRenata \u0160mejkalov\u00e1, I\u010cO 72850906, tel. 776 321 263 , <a href=\"mailto:renata.s@svet-deti.cz\">renata.s@svet-deti.cz<\/a><\/p>\n<p>&nbsp;<\/p>\n","protected":false},"excerpt":{"rendered":"<p>Nab\u00edz\u00edme plav\u00e1n\u00ed d\u011bt\u00ed Sv\u011bt d\u011bt\u00ed je zam\u011b\u0159en na plav\u00e1n\u00ed kojenc\u016f, batolat a d\u011bt\u00ed p\u0159ed\u0161koln\u00edho v\u011bku. C\u00edlem &#8222;plav\u00e1n\u00ed &#8220; d\u011bt\u00ed je p\u0159edev\u0161\u00edm s\u017e\u00edt se s vodn\u00edm prost\u0159ed\u00edm, nau\u010dit se pozn\u00e1vat p\u016fsoben\u00ed vody, vydechovat do vody, orientovat se nad i pod vodou, nau\u010dit se sk\u00e1kat do vody a s radost\u00ed se pot\u00e1p\u011bt. Po t\u00e9 se d\u011bti u\u010d\u00ed<\/p>\n<p class=\"more-link\"><a href=\"https:\/\/svet-deti.cz\/sd\/\" class=\"themebutton2\">Read More<\/a><\/p>\n","protected":false},"author":1,"featured_media":0,"parent":0,"menu_order":0,"comment_status":"closed","ping_status":"closed","template":"","meta":{"ngg_post_thumbnail":0,"footnotes":""},"categories":[],"tags":[],"class_list":["post-5","page","type-page","status-publish","hentry"],"_links":{"self":[{"href":"https:\/\/svet-deti.cz\/sd\/wp-json\/wp\/v2\/pages\/5","targetHints":{"allow":["GET"]}}],"collection":[{"href":"https:\/\/svet-deti.cz\/sd\/wp-json\/wp\/v2\/pages"}],"about":[{"href":"https:\/\/svet-deti.cz\/sd\/wp-json\/wp\/v2\/types\/page"}],"author":[{"embeddable":true,"href":"https:\/\/svet-deti.cz\/sd\/wp-json\/wp\/v2\/users\/1"}],"replies":[{"embeddable":true,"href":"https:\/\/svet-deti.cz\/sd\/wp-json\/wp\/v2\/comments?post=5"}],"version-history":[{"count":43,"href":"https:\/\/svet-deti.cz\/sd\/wp-json\/wp\/v2\/pages\/5\/revisions"}],"predecessor-version":[{"id":1632,"href":"https:\/\/svet-deti.cz\/sd\/wp-json\/wp\/v2\/pages\/5\/revisions\/1632"}],"wp:attachment":[{"href":"https:\/\/svet-deti.cz\/sd\/wp-json\/wp\/v2\/media?parent=5"}],"wp:term":[{"taxonomy":"category","embeddable":true,"href":"https:\/\/svet-deti.cz\/sd\/wp-json\/wp\/v2\/categories?post=5"},{"taxonomy":"post_tag","embeddable":true,"href":"https:\/\/svet-deti.cz\/sd\/wp-json\/wp\/v2\/tags?post=5"}],"curies":[{"name":"wp","href":"https:\/\/api.w.org\/{rel}","templated":true}]}}