{"id":8,"date":"2018-04-16T17:30:47","date_gmt":"2018-04-16T15:30:47","guid":{"rendered":"http:\/\/svet-deti.cz\/sd\/?page_id=8"},"modified":"2024-06-12T20:06:30","modified_gmt":"2024-06-12T18:06:30","slug":"sd-nm-dz","status":"publish","type":"page","link":"https:\/\/svet-deti.cz\/sd\/sd-plavani-deti\/sd-nm-dz\/","title":{"rendered":"Plav\u00e1n\u00ed d\u011bt\u00ed &#8211; D\u016fm zdrav\u00ed Nov\u00e9 M\u011bsto nad Metuj\u00ed"},"content":{"rendered":"<p>Plaveck\u00fd baz\u00e9n v Nov\u00e9m M\u011bst\u011b nad Metuj\u00ed je na\u0161\u00edm hlavn\u00edm st\u0159ediskem. Baz\u00e9n je sv\u00fdmi rozm\u011bry 6 x 12,5 m a teplotou vody 31\u00b0C ide\u00e1ln\u00ed pro v\u00fduku plav\u00e1n\u00ed d\u011bt\u00ed v\u0161ech v\u011bkov\u00fdch kategori\u00ed. K dispozici je zde nov\u011b zrekonstruovan\u00e9 z\u00e1zem\u00ed sprch a \u0161aten, dv\u011b herni\u010dky, ob\u010derstven\u00ed pro d\u011bti i rodi\u010de. I v tomto st\u0159edisku v\u00e1s \u010dek\u00e1 vst\u0159\u00edcn\u00fd person\u00e1l a samoz\u0159ejmost\u00ed je n\u00e1\u0161&nbsp;profesion\u00e1ln\u00ed p\u0159\u00edstup.<\/p>\n<p style=\"text-align: left;\"><strong><span style=\"color: #cc0000;\">Kurzy plav\u00e1n\u00ed d\u011bt\u00ed prob\u00edhaj\u00ed v\u017edy v \u00fater\u00fd, st\u0159edu a \u010dtvrtek.<br \/>\n<\/span><\/strong><\/p>\n<p style=\"text-align: left;\">Bli\u017e\u0161\u00ed informace poskytneme telefonicky nebo elektronickou po\u0161tou.<br \/>\nKontakt:<br \/>\nRenata \u0160mejkalov\u00e1, I\u010cO 72850906, tel. 776 321 263 , <a href=\"mailto:renata.s@svet-deti.cz\">renata.s@svet-deti.cz<\/a><br \/>\nAngelika Nov\u00e1kov\u00e1,&nbsp;I\u010cO 72850817, tel. 608 146 654 , <a href=\"mailto:angelika.n@svet-deti.cz\">angelika.n@svet-deti.cz<\/a><br \/>\n<strong><br \/>\n<span style=\"font-size: 12pt;\">Online p\u0159ihl\u00e1\u0161ka do kurzu plav\u00e1n\u00ed <a href=\"http:\/\/svet-deti.cz\/sd\/sd-prihlaska-do-kurzu\/\">zde<\/a> .<\/span><\/strong><\/p>\n<p style=\"text-align: left;\"><strong>1 kurz (10 lekc\u00ed) : 2900 K\u010d<\/strong><\/p>\n<h3><strong>Pokyny ke sta\u017een\u00ed:<\/strong><\/h3>\n<h3><strong><a href=\"http:\/\/svet-deti.cz\/sd\/wp-content\/uploads\/sites\/8\/2023\/09\/navradnm.pdf\" target=\"_blank\" rel=\"noopener\"> N\u00e1v\u0161t\u011bvn\u00ed \u0159\u00e1d &#8222;Plav\u00e1n\u00ed kojenc\u016f, batolat a d\u011bt\u00ed p\u0159ed\u0161koln\u00edho<\/a><a href=\"http:\/\/svet-deti.cz\/sd\/wp-content\/uploads\/sites\/8\/2023\/09\/navradnm.pdf\" target=\"_blank\" rel=\"noopener\"> v\u011bku<\/a><\/strong><\/h3>\n<h3><strong><a href=\"http:\/\/svet-deti.cz\/sd\/wp-content\/uploads\/sites\/8\/2024\/06\/PodminkyKurzPlav24.pdf\" target=\"_blank\" rel=\"noopener\">Podm\u00ednky \u00fahrady kurzovn\u00e9ho a omlouv\u00e1n\u00ed zame\u0161kan\u00fdch hodin<\/a><\/strong><\/h3>\n<p><a href=\"https:\/\/www.google.cz\/maps\/place\/28.+%C5%99%C3%ADjna+415,+549+01+Nov%C3%A9+M%C4%9Bsto+nad+Metuj%C3%AD\/@50.3564742,16.138187,17z\/data=!3m1!4b1!4m5!3m4!1s0x470e7a92730455f9:0x399d7599ee49c0a5!8m2!3d50.3564742!4d16.1403757http:\/\/\" target=\"_blank\" rel=\"noopener noreferrer\"><img loading=\"lazy\" decoding=\"async\" class=\"aligncenter wp-image-342 size-full\" src=\"http:\/\/svet-deti.cz\/sd\/wp-content\/uploads\/sites\/8\/2018\/11\/DZ_NM_800_400.png\" alt=\"D\u016fm zdrav\u00ed Nov\u00e9 M\u011bsto nad Metuj\u00ed\" width=\"805\" height=\"400\" srcset=\"https:\/\/svet-deti.cz\/sd\/wp-content\/uploads\/sites\/8\/2018\/11\/DZ_NM_800_400.png 805w, https:\/\/svet-deti.cz\/sd\/wp-content\/uploads\/sites\/8\/2018\/11\/DZ_NM_800_400-300x149.png 300w, https:\/\/svet-deti.cz\/sd\/wp-content\/uploads\/sites\/8\/2018\/11\/DZ_NM_800_400-768x382.png 768w\" sizes=\"auto, (max-width: 805px) 100vw, 805px\" \/><\/a><\/p>\n","protected":false},"excerpt":{"rendered":"<p>Plaveck\u00fd baz\u00e9n v Nov\u00e9m M\u011bst\u011b nad Metuj\u00ed je na\u0161\u00edm hlavn\u00edm st\u0159ediskem. Baz\u00e9n je sv\u00fdmi rozm\u011bry 6 x 12,5 m a teplotou vody 31\u00b0C ide\u00e1ln\u00ed pro v\u00fduku plav\u00e1n\u00ed d\u011bt\u00ed v\u0161ech v\u011bkov\u00fdch kategori\u00ed. K dispozici je zde nov\u011b zrekonstruovan\u00e9 z\u00e1zem\u00ed sprch a \u0161aten, dv\u011b herni\u010dky, ob\u010derstven\u00ed pro d\u011bti i rodi\u010de. I v tomto st\u0159edisku v\u00e1s \u010dek\u00e1 vst\u0159\u00edcn\u00fd<\/p>\n<p class=\"more-link\"><a href=\"https:\/\/svet-deti.cz\/sd\/sd-plavani-deti\/sd-nm-dz\/\" class=\"themebutton2\">Read More<\/a><\/p>\n","protected":false},"author":1,"featured_media":0,"parent":5,"menu_order":0,"comment_status":"closed","ping_status":"closed","template":"","meta":{"ngg_post_thumbnail":0,"footnotes":""},"categories":[],"tags":[],"class_list":["post-8","page","type-page","status-publish","hentry"],"_links":{"self":[{"href":"https:\/\/svet-deti.cz\/sd\/wp-json\/wp\/v2\/pages\/8","targetHints":{"allow":["GET"]}}],"collection":[{"href":"https:\/\/svet-deti.cz\/sd\/wp-json\/wp\/v2\/pages"}],"about":[{"href":"https:\/\/svet-deti.cz\/sd\/wp-json\/wp\/v2\/types\/page"}],"author":[{"embeddable":true,"href":"https:\/\/svet-deti.cz\/sd\/wp-json\/wp\/v2\/users\/1"}],"replies":[{"embeddable":true,"href":"https:\/\/svet-deti.cz\/sd\/wp-json\/wp\/v2\/comments?post=8"}],"version-history":[{"count":91,"href":"https:\/\/svet-deti.cz\/sd\/wp-json\/wp\/v2\/pages\/8\/revisions"}],"predecessor-version":[{"id":3457,"href":"https:\/\/svet-deti.cz\/sd\/wp-json\/wp\/v2\/pages\/8\/revisions\/3457"}],"up":[{"embeddable":true,"href":"https:\/\/svet-deti.cz\/sd\/wp-json\/wp\/v2\/pages\/5"}],"wp:attachment":[{"href":"https:\/\/svet-deti.cz\/sd\/wp-json\/wp\/v2\/media?parent=8"}],"wp:term":[{"taxonomy":"category","embeddable":true,"href":"https:\/\/svet-deti.cz\/sd\/wp-json\/wp\/v2\/categories?post=8"},{"taxonomy":"post_tag","embeddable":true,"href":"https:\/\/svet-deti.cz\/sd\/wp-json\/wp\/v2\/tags?post=8"}],"curies":[{"name":"wp","href":"https:\/\/api.w.org\/{rel}","templated":true}]}}